{"id":3132,"date":"2023-10-17T13:41:59","date_gmt":"2023-10-17T13:41:59","guid":{"rendered":"https:\/\/berria.alberdania.net\/product\/el-filo-de-la-hierba\/"},"modified":"2026-03-31T02:17:17","modified_gmt":"2026-03-31T00:17:17","slug":"el-filo-de-la-hierba","status":"publish","type":"product","link":"https:\/\/www.alberdania.net\/eu\/product\/el-filo-de-la-hierba\/","title":{"rendered":"El filo de la hierba"},"content":{"rendered":"","protected":false},"excerpt":{"rendered":"<p>Imaginemos que Hitler no muri\u00f3 en Berlin en 1945. Imaginemos que no perdi\u00f3 la guerra, sino que se apoder\u00f3 de Europa entera, incluida Gran Breta\u00f1a. Imaginemos que surca el Atl\u00e1ntico camino de Manhattan, que se propone conquistar como cabeza de puente para someter toda Am\u00e9rica. En la bodega del barco, preso, Charles Chaplin.<br \/>\n\tImaginemos que un poli-z\u00f3n llamado Olivier Legrand viaja rumbo a Am\u00e9rica en la bodega del barco que, en 1886, transporta, despiezada, la Estatua de la Libertad desde Francia a Nueva York.<br \/>\n\tEn esta \u00e1gil, tierna y po\u00e9tica narraci\u00f3n, Harkaitz Cano construye, a partir del momento en que ambas historias se entrelazan, una bella alegor\u00eda de la libertad personal.<\/p>\n","protected":false},"featured_media":4491,"template":"","meta":{"_acf_changed":false,"inline_featured_image":false},"product_brand":[],"product_cat":[15],"product_tag":[],"tax-colections":[59,126],"tax-langs":[83],"tax-encuadernacion":[105],"tax-availability":[97],"class_list":{"0":"post-3132","1":"product","2":"type-product","3":"status-publish","4":"has-post-thumbnail","6":"product_cat-sin-categoria","7":"pa_tipo-de-libro-papel","8":"tax-colections-literatura-para-adultos","9":"tax-colections-alga","10":"tax-langs-castellano","11":"tax-encuadernacion-bolsillo-tapa-blanda","12":"tax-availability-disponible","14":"first","15":"instock","16":"shipping-taxable","17":"purchasable","18":"product-type-variable"},"acf":{"id_gesedi":458,"book_subtitle":"","book_author":23,"book_translator":"","book_illustrator":"","book_publish_date_book":"2006-03-20","book_publish_date_ebook":null,"book_publish_date_audiobook":null,"book_collection_number":28,"book_pages":104,"book_file":"","book_img":"","books_related":null},"_links":{"self":[{"href":"https:\/\/www.alberdania.net\/eu\/wp-json\/wp\/v2\/product\/3132","targetHints":{"allow":["GET"]}}],"collection":[{"href":"https:\/\/www.alberdania.net\/eu\/wp-json\/wp\/v2\/product"}],"about":[{"href":"https:\/\/www.alberdania.net\/eu\/wp-json\/wp\/v2\/types\/product"}],"wp:featuredmedia":[{"embeddable":true,"href":"https:\/\/www.alberdania.net\/eu\/wp-json\/wp\/v2\/media\/4491"}],"wp:attachment":[{"href":"https:\/\/www.alberdania.net\/eu\/wp-json\/wp\/v2\/media?parent=3132"}],"wp:term":[{"taxonomy":"product_brand","embeddable":true,"href":"https:\/\/www.alberdania.net\/eu\/wp-json\/wp\/v2\/product_brand?post=3132"},{"taxonomy":"product_cat","embeddable":true,"href":"https:\/\/www.alberdania.net\/eu\/wp-json\/wp\/v2\/product_cat?post=3132"},{"taxonomy":"product_tag","embeddable":true,"href":"https:\/\/www.alberdania.net\/eu\/wp-json\/wp\/v2\/product_tag?post=3132"},{"taxonomy":"tax-colections","embeddable":true,"href":"https:\/\/www.alberdania.net\/eu\/wp-json\/wp\/v2\/tax-colections?post=3132"},{"taxonomy":"tax-langs","embeddable":true,"href":"https:\/\/www.alberdania.net\/eu\/wp-json\/wp\/v2\/tax-langs?post=3132"},{"taxonomy":"tax-encuadernacion","embeddable":true,"href":"https:\/\/www.alberdania.net\/eu\/wp-json\/wp\/v2\/tax-encuadernacion?post=3132"},{"taxonomy":"tax-availability","embeddable":true,"href":"https:\/\/www.alberdania.net\/eu\/wp-json\/wp\/v2\/tax-availability?post=3132"}],"curies":[{"name":"wp","href":"https:\/\/api.w.org\/{rel}","templated":true}]}}