{"id":3136,"date":"2023-10-17T13:42:10","date_gmt":"2023-10-17T13:42:10","guid":{"rendered":"https:\/\/berria.alberdania.net\/product\/nombrar-embrujar\/"},"modified":"2026-04-21T02:20:28","modified_gmt":"2026-04-21T00:20:28","slug":"nombrar-embrujar","status":"publish","type":"product","link":"https:\/\/www.alberdania.net\/eu\/product\/nombrar-embrujar\/","title":{"rendered":"Nombrar, embrujar"},"content":{"rendered":"","protected":false},"excerpt":{"rendered":"<p>El t\u00edtulo mismo de este ensayo indica el car\u00e1cter literario que se asume al servicio de la funci\u00f3n hist\u00f3rica: un inquirir antropol\u00f3gico en las pautas ret\u00f3ricas de mecanismos no literales (como la met\u00e1fora y la metonimia) o de ciertos otros instrumentos no denotativos (como la alegor\u00eda, la ejemplificaci\u00f3n o la expresi\u00f3n) que para describir, crear y ampliar su conocimiento utilizaba la gente campesina vasca. Gente que s\u00f3lo hablaba en euskera y no sab\u00eda escribir, pero cuyas creencias y conductas resultaron, en determinada circunstancia, absolutamente inapropiadas y peligrosas para el g\u00e9nero de experiencias y estilo de vida que se propon\u00eda vivir la \u00e9lite cultivada.<\/p>\n","protected":false},"featured_media":4487,"template":"","meta":{"_acf_changed":false,"inline_featured_image":false},"product_brand":[],"product_cat":[15],"product_tag":[],"tax-colections":[59,125],"tax-langs":[83],"tax-encuadernacion":[105],"tax-availability":[97],"class_list":{"0":"post-3136","1":"product","2":"type-product","3":"status-publish","4":"has-post-thumbnail","6":"product_cat-sin-categoria","7":"pa_tipo-de-libro-papel","8":"tax-colections-literatura-para-adultos","9":"tax-colections-saiakera","10":"tax-langs-castellano","11":"tax-encuadernacion-bolsillo-tapa-blanda","12":"tax-availability-disponible","14":"first","15":"instock","16":"shipping-taxable","17":"purchasable","18":"product-type-variable"},"acf":{"id_gesedi":460,"book_subtitle":"para una historia del sometimiento de la cultura oral en el Pa\u00eds Vasco","book_author":"","book_translator":"","book_illustrator":"","book_publish_date_book":"1993-05-01","book_publish_date_ebook":null,"book_publish_date_audiobook":null,"book_collection_number":1,"book_pages":289,"book_file":"","book_img":"","books_related":null},"_links":{"self":[{"href":"https:\/\/www.alberdania.net\/eu\/wp-json\/wp\/v2\/product\/3136","targetHints":{"allow":["GET"]}}],"collection":[{"href":"https:\/\/www.alberdania.net\/eu\/wp-json\/wp\/v2\/product"}],"about":[{"href":"https:\/\/www.alberdania.net\/eu\/wp-json\/wp\/v2\/types\/product"}],"wp:featuredmedia":[{"embeddable":true,"href":"https:\/\/www.alberdania.net\/eu\/wp-json\/wp\/v2\/media\/4487"}],"wp:attachment":[{"href":"https:\/\/www.alberdania.net\/eu\/wp-json\/wp\/v2\/media?parent=3136"}],"wp:term":[{"taxonomy":"product_brand","embeddable":true,"href":"https:\/\/www.alberdania.net\/eu\/wp-json\/wp\/v2\/product_brand?post=3136"},{"taxonomy":"product_cat","embeddable":true,"href":"https:\/\/www.alberdania.net\/eu\/wp-json\/wp\/v2\/product_cat?post=3136"},{"taxonomy":"product_tag","embeddable":true,"href":"https:\/\/www.alberdania.net\/eu\/wp-json\/wp\/v2\/product_tag?post=3136"},{"taxonomy":"tax-colections","embeddable":true,"href":"https:\/\/www.alberdania.net\/eu\/wp-json\/wp\/v2\/tax-colections?post=3136"},{"taxonomy":"tax-langs","embeddable":true,"href":"https:\/\/www.alberdania.net\/eu\/wp-json\/wp\/v2\/tax-langs?post=3136"},{"taxonomy":"tax-encuadernacion","embeddable":true,"href":"https:\/\/www.alberdania.net\/eu\/wp-json\/wp\/v2\/tax-encuadernacion?post=3136"},{"taxonomy":"tax-availability","embeddable":true,"href":"https:\/\/www.alberdania.net\/eu\/wp-json\/wp\/v2\/tax-availability?post=3136"}],"curies":[{"name":"wp","href":"https:\/\/api.w.org\/{rel}","templated":true}]}}