{"id":3148,"date":"2023-10-17T13:43:03","date_gmt":"2023-10-17T13:43:03","guid":{"rendered":"https:\/\/berria.alberdania.net\/product\/el-hombre-del-cartapacio-y-otros-relatos-con-humor\/"},"modified":"2026-04-21T02:21:00","modified_gmt":"2026-04-21T00:21:00","slug":"el-hombre-del-cartapacio-y-otros-relatos-con-humor","status":"publish","type":"product","link":"https:\/\/www.alberdania.net\/eu\/product\/el-hombre-del-cartapacio-y-otros-relatos-con-humor\/","title":{"rendered":"El hombre del cartapacio y otros relatos con humor"},"content":{"rendered":"","protected":false},"excerpt":{"rendered":"<p>En este segundo volumen de la serie \u0093La Risa de Bilbao\u0094 se dan cita diez autores de muy diversas distancias y usos literarios, pero unidos por una caracter\u00edstica com\u00fan: todos ellos son narradores de primera l\u00ednea en nuestro actual panorama literario. Pero hay otra rasgo que estos diez narradores comparten: no practican habitualmente la literatura humor\u00edstica. Y, al aceptar el encargo de Juan Bas, coordinador y editor del libro, han asumido un desaf\u00edo literario en toda regla. El resultado es, como reza el subt\u00edtulo, un libro de la mejor narrativa tratada \u0093con humor\u0094. Cuando te dicen que tu padre se ha ido porque era un marciano (Elvira Lindo); el limbo es tan real y dantesco como Carrefour o un manicomio (Nuria Barrios); el agobio en estado puro viaja en taxi, carga con un gran cartapacio y suda (Pedro Ugarte); pueblo peque\u00f1o, infierno grande (Miguel Gonz\u00e1lez San Mart\u00edn); un ciego que es modelo de dentadura y una m\u00e1quina del tiempo a la que le gustan los collages tipo Frankenstein (Manuel Manzano); el juego de los dobles a ritmo caribe\u00f1o con un Fidel Castro tintin\u00f3filo (Harkaitz Cano); todo un pueblo pose\u00eddo por la m\u00e1s activa lujuria (Ramiro Pinilla); el sard\u00f3nico mon\u00f3logo de un criminal solitario (Ricardo Men\u00e9ndez Salm\u00f3n); A, B, C y D, los cuatro v\u00e9rtices de un pol\u00edgono irregular tan aristoso como las relaciones de las mujeres que lo conforman (Berta Mars\u00e9); un contemporizador detective privado en busca de un bailaor huido a Costa Rica o por aqu\u00ed hay mucho gay (Fernando Iwasaki).<\/p>\n","protected":false},"featured_media":4479,"template":"","meta":{"_acf_changed":false,"inline_featured_image":false},"product_brand":[],"product_cat":[15],"product_tag":[],"tax-colections":[59,128],"tax-langs":[83],"tax-encuadernacion":[105],"tax-availability":[97],"class_list":{"0":"post-3148","1":"product","2":"type-product","3":"status-publish","4":"has-post-thumbnail","6":"product_cat-sin-categoria","7":"pa_tipo-de-libro-papel","8":"pa_tipo-de-libro-ebook","9":"tax-colections-literatura-para-adultos","10":"tax-colections-astiro","11":"tax-langs-castellano","12":"tax-encuadernacion-bolsillo-tapa-blanda","13":"tax-availability-disponible","15":"first","16":"instock","17":"shipping-taxable","18":"purchasable","19":"product-type-variable"},"acf":{"id_gesedi":469,"book_subtitle":"","book_author":399,"book_translator":"","book_illustrator":"","book_publish_date_book":"2011-09-01","book_publish_date_ebook":"2011-09-01","book_publish_date_audiobook":null,"book_collection_number":36,"book_pages":0,"book_file":"","book_img":"","books_related":null},"_links":{"self":[{"href":"https:\/\/www.alberdania.net\/eu\/wp-json\/wp\/v2\/product\/3148","targetHints":{"allow":["GET"]}}],"collection":[{"href":"https:\/\/www.alberdania.net\/eu\/wp-json\/wp\/v2\/product"}],"about":[{"href":"https:\/\/www.alberdania.net\/eu\/wp-json\/wp\/v2\/types\/product"}],"wp:featuredmedia":[{"embeddable":true,"href":"https:\/\/www.alberdania.net\/eu\/wp-json\/wp\/v2\/media\/4479"}],"wp:attachment":[{"href":"https:\/\/www.alberdania.net\/eu\/wp-json\/wp\/v2\/media?parent=3148"}],"wp:term":[{"taxonomy":"product_brand","embeddable":true,"href":"https:\/\/www.alberdania.net\/eu\/wp-json\/wp\/v2\/product_brand?post=3148"},{"taxonomy":"product_cat","embeddable":true,"href":"https:\/\/www.alberdania.net\/eu\/wp-json\/wp\/v2\/product_cat?post=3148"},{"taxonomy":"product_tag","embeddable":true,"href":"https:\/\/www.alberdania.net\/eu\/wp-json\/wp\/v2\/product_tag?post=3148"},{"taxonomy":"tax-colections","embeddable":true,"href":"https:\/\/www.alberdania.net\/eu\/wp-json\/wp\/v2\/tax-colections?post=3148"},{"taxonomy":"tax-langs","embeddable":true,"href":"https:\/\/www.alberdania.net\/eu\/wp-json\/wp\/v2\/tax-langs?post=3148"},{"taxonomy":"tax-encuadernacion","embeddable":true,"href":"https:\/\/www.alberdania.net\/eu\/wp-json\/wp\/v2\/tax-encuadernacion?post=3148"},{"taxonomy":"tax-availability","embeddable":true,"href":"https:\/\/www.alberdania.net\/eu\/wp-json\/wp\/v2\/tax-availability?post=3148"}],"curies":[{"name":"wp","href":"https:\/\/api.w.org\/{rel}","templated":true}]}}