{"id":3151,"date":"2023-10-17T13:43:38","date_gmt":"2023-10-17T13:43:38","guid":{"rendered":"https:\/\/berria.alberdania.net\/product\/culo-subido-y-otros-relatos-de-humor\/"},"modified":"2026-04-14T02:21:29","modified_gmt":"2026-04-14T00:21:29","slug":"culo-subido-y-otros-relatos-de-humor","status":"publish","type":"product","link":"https:\/\/www.alberdania.net\/eu\/product\/culo-subido-y-otros-relatos-de-humor\/","title":{"rendered":"Culo Subido y otros relatos de humor"},"content":{"rendered":"","protected":false},"excerpt":{"rendered":"<p>Un hilarante y mal\u00e9volo retrato conyugal a trav\u00e9s del masajeo y apuntalamiento de un culo (Fernando Aramburu). Un cat\u00e1logo de Ikea que se remonta a la Edad Media y que llega a los confines del futuro (Agust\u00edn Fern\u00e1ndez Mallo). Una arrebatadora monja de lujuria desbordante y adictiva (Andr\u00e9s Neuman). Por hacer realidad la ilusi\u00f3n de un hijo, uno se deja enga\u00f1ar lo que haga falta y m\u00e1s (Kirmen Uribe). Fifi y Fefo, una pareja rid\u00edcula, untuosa, cursi y sobre todo c\u00f3mica (Fernando Mar\u00edas). Una delirante venganza po\u00e9tica a base de comerse las palabras de un modo textual (Juan Bonilla). El secuestro de un perrito pilonero o trullo y zoofilia en feliz maridaje (Montero Glez). Los elefantes, los monos y la ineptitud determinan las elecciones de un pa\u00eds (\u00c1ngeles Caso).Cuando la falta de pudor se sirve de un peculiar medio para mostrarse (Lola Beccaria). El di\u00e1logo tipo Epi y Blas de dos etarras autistas (Iban Zaldua).<\/p>\n","protected":false},"featured_media":4477,"template":"","meta":{"_acf_changed":false,"inline_featured_image":false},"product_brand":[],"product_cat":[15],"product_tag":[],"tax-colections":[59,128],"tax-langs":[83],"tax-encuadernacion":[105],"tax-availability":[97],"class_list":{"0":"post-3151","1":"product","2":"type-product","3":"status-publish","4":"has-post-thumbnail","6":"product_cat-sin-categoria","7":"pa_tipo-de-libro-ebook","8":"pa_tipo-de-libro-papel","9":"tax-colections-literatura-para-adultos","10":"tax-colections-astiro","11":"tax-langs-castellano","12":"tax-encuadernacion-bolsillo-tapa-blanda","13":"tax-availability-disponible","15":"first","16":"instock","17":"shipping-taxable","18":"purchasable","19":"product-type-variable"},"acf":{"id_gesedi":473,"book_subtitle":"","book_author":399,"book_translator":"","book_illustrator":"","book_publish_date_book":"2010-09-23","book_publish_date_ebook":"2010-09-23","book_publish_date_audiobook":null,"book_collection_number":24,"book_pages":0,"book_file":"","book_img":"","books_related":null},"_links":{"self":[{"href":"https:\/\/www.alberdania.net\/eu\/wp-json\/wp\/v2\/product\/3151","targetHints":{"allow":["GET"]}}],"collection":[{"href":"https:\/\/www.alberdania.net\/eu\/wp-json\/wp\/v2\/product"}],"about":[{"href":"https:\/\/www.alberdania.net\/eu\/wp-json\/wp\/v2\/types\/product"}],"wp:featuredmedia":[{"embeddable":true,"href":"https:\/\/www.alberdania.net\/eu\/wp-json\/wp\/v2\/media\/4477"}],"wp:attachment":[{"href":"https:\/\/www.alberdania.net\/eu\/wp-json\/wp\/v2\/media?parent=3151"}],"wp:term":[{"taxonomy":"product_brand","embeddable":true,"href":"https:\/\/www.alberdania.net\/eu\/wp-json\/wp\/v2\/product_brand?post=3151"},{"taxonomy":"product_cat","embeddable":true,"href":"https:\/\/www.alberdania.net\/eu\/wp-json\/wp\/v2\/product_cat?post=3151"},{"taxonomy":"product_tag","embeddable":true,"href":"https:\/\/www.alberdania.net\/eu\/wp-json\/wp\/v2\/product_tag?post=3151"},{"taxonomy":"tax-colections","embeddable":true,"href":"https:\/\/www.alberdania.net\/eu\/wp-json\/wp\/v2\/tax-colections?post=3151"},{"taxonomy":"tax-langs","embeddable":true,"href":"https:\/\/www.alberdania.net\/eu\/wp-json\/wp\/v2\/tax-langs?post=3151"},{"taxonomy":"tax-encuadernacion","embeddable":true,"href":"https:\/\/www.alberdania.net\/eu\/wp-json\/wp\/v2\/tax-encuadernacion?post=3151"},{"taxonomy":"tax-availability","embeddable":true,"href":"https:\/\/www.alberdania.net\/eu\/wp-json\/wp\/v2\/tax-availability?post=3151"}],"curies":[{"name":"wp","href":"https:\/\/api.w.org\/{rel}","templated":true}]}}