{"id":3173,"date":"2023-10-17T13:46:50","date_gmt":"2023-10-17T13:46:50","guid":{"rendered":"https:\/\/berria.alberdania.net\/product\/muerte-en-murelaga\/"},"modified":"2026-04-21T02:26:11","modified_gmt":"2026-04-21T00:26:11","slug":"muerte-en-murelaga","status":"publish","type":"product","link":"https:\/\/www.alberdania.net\/eu\/product\/muerte-en-murelaga\/","title":{"rendered":"Muerte en Mur\u00e9laga"},"content":{"rendered":"","protected":false},"excerpt":{"rendered":"<p>Douglas realiz\u00f3 la labor de investigaci\u00f3n de los ritos funerarios en Mur\u00e9laga que sustenta la presente obra, ya un verdadero cl\u00e1sico, guiado por su convencimiento de que \u00aben la sociedad vasca, las respuestas individuales y colectivas a la crisis causada por una muerte ocurrida en la comunidad son tan complejas y ocupan una posici\u00f3n tan destacada en la visi\u00f3n que del mundo tienen los actores, que nos autorizan a diferenciar en el sistema de valores el tema de la muerte\u00bb, tema que se convierte en \u00abun veh\u00edculo adecuado para estudiar la estructura social de la comunidad\u00bb.<\/p>\n","protected":false},"featured_media":4445,"template":"","meta":{"_acf_changed":false,"inline_featured_image":false},"product_brand":[],"product_cat":[15],"product_tag":[],"tax-colections":[59,126],"tax-langs":[83],"tax-encuadernacion":[105],"tax-availability":[97],"class_list":{"0":"post-3173","1":"product","2":"type-product","3":"status-publish","4":"has-post-thumbnail","6":"product_cat-sin-categoria","7":"pa_tipo-de-libro-papel","8":"pa_tipo-de-libro-ebook","9":"tax-colections-literatura-para-adultos","10":"tax-colections-alga","11":"tax-langs-castellano","12":"tax-encuadernacion-bolsillo-tapa-blanda","13":"tax-availability-disponible","15":"first","16":"instock","17":"shipping-taxable","18":"purchasable","19":"product-type-variable"},"acf":{"id_gesedi":503,"book_subtitle":"","book_author":405,"book_translator":"","book_illustrator":"","book_publish_date_book":"2003-05-15","book_publish_date_ebook":"2003-05-15","book_publish_date_audiobook":null,"book_collection_number":11,"book_pages":0,"book_file":"","book_img":"","books_related":null},"_links":{"self":[{"href":"https:\/\/www.alberdania.net\/eu\/wp-json\/wp\/v2\/product\/3173","targetHints":{"allow":["GET"]}}],"collection":[{"href":"https:\/\/www.alberdania.net\/eu\/wp-json\/wp\/v2\/product"}],"about":[{"href":"https:\/\/www.alberdania.net\/eu\/wp-json\/wp\/v2\/types\/product"}],"wp:featuredmedia":[{"embeddable":true,"href":"https:\/\/www.alberdania.net\/eu\/wp-json\/wp\/v2\/media\/4445"}],"wp:attachment":[{"href":"https:\/\/www.alberdania.net\/eu\/wp-json\/wp\/v2\/media?parent=3173"}],"wp:term":[{"taxonomy":"product_brand","embeddable":true,"href":"https:\/\/www.alberdania.net\/eu\/wp-json\/wp\/v2\/product_brand?post=3173"},{"taxonomy":"product_cat","embeddable":true,"href":"https:\/\/www.alberdania.net\/eu\/wp-json\/wp\/v2\/product_cat?post=3173"},{"taxonomy":"product_tag","embeddable":true,"href":"https:\/\/www.alberdania.net\/eu\/wp-json\/wp\/v2\/product_tag?post=3173"},{"taxonomy":"tax-colections","embeddable":true,"href":"https:\/\/www.alberdania.net\/eu\/wp-json\/wp\/v2\/tax-colections?post=3173"},{"taxonomy":"tax-langs","embeddable":true,"href":"https:\/\/www.alberdania.net\/eu\/wp-json\/wp\/v2\/tax-langs?post=3173"},{"taxonomy":"tax-encuadernacion","embeddable":true,"href":"https:\/\/www.alberdania.net\/eu\/wp-json\/wp\/v2\/tax-encuadernacion?post=3173"},{"taxonomy":"tax-availability","embeddable":true,"href":"https:\/\/www.alberdania.net\/eu\/wp-json\/wp\/v2\/tax-availability?post=3173"}],"curies":[{"name":"wp","href":"https:\/\/api.w.org\/{rel}","templated":true}]}}