{"id":3178,"date":"2023-10-17T13:47:05","date_gmt":"2023-10-17T13:47:05","guid":{"rendered":"https:\/\/berria.alberdania.net\/product\/violencia-politica-y-modelos-dinamicos\/"},"modified":"2026-05-15T02:26:33","modified_gmt":"2026-05-15T00:26:33","slug":"violencia-politica-y-modelos-dinamicos","status":"publish","type":"product","link":"https:\/\/www.alberdania.net\/eu\/product\/violencia-politica-y-modelos-dinamicos\/","title":{"rendered":"Violencia pol\u00edtica y modelos din\u00e1micos"},"content":{"rendered":"","protected":false},"excerpt":{"rendered":"<p>Deskribapena<br \/>\n\tEl caso de Colombia ha sido y est\u00e1 siendo objeto de estudio desde diversos enfoques en el \u00e1mbito de los conflictos armados y las relaciones internacionales. Este estudio aporta diversos e interesantes aspectos del conflicto y sus din\u00e1micas que contribuyen a profundizar y visualizar con mayor claridad los principales impactos de la violencia pol\u00edtica sobre la poblaci\u00f3n civil.<br \/>\n\tEl principal objetivo de este trabajo plantea utilizar una metodolog\u00eda de an\u00e1lisisdeconflictos centrada en dilucidar los procesos de tomas de decisiones por parte de actores armados enfrentados en una confrontacion violenta. Se centra en el conflicto armado, arraigado  e intratable de Colombia. Para ello, el enfoque planteado gira en torno a tres puntos fundamentales: una reflexi\u00f3n te\u00f3rica sobre la violencia en los conflictos armados; una descripcion de la influencia de la confrontacion en la vida de la poblaci\u00f3n civil en el caso considerado; y la aplicaci\u00f3n de una metodolog\u00eda de an\u00e1lisis de conflictos fundada en la construcci\u00f3n de modelos din\u00e1micos (desde la din\u00e1mica de sistemas).<\/p>\n","protected":false},"featured_media":4441,"template":"","meta":{"_acf_changed":false,"inline_featured_image":false},"product_brand":[],"product_cat":[15],"product_tag":[],"tax-colections":[59,133],"tax-langs":[83],"tax-encuadernacion":[105],"tax-availability":[97],"class_list":{"0":"post-3178","1":"product","2":"type-product","3":"status-publish","4":"has-post-thumbnail","6":"product_cat-sin-categoria","7":"pa_tipo-de-libro-papel","8":"tax-colections-literatura-para-adultos","9":"tax-colections-giza-eskubideak","10":"tax-langs-castellano","11":"tax-encuadernacion-bolsillo-tapa-blanda","12":"tax-availability-disponible","14":"first","15":"instock","16":"shipping-taxable","17":"purchasable","18":"product-type-variable"},"acf":{"id_gesedi":506,"book_subtitle":"un estudio sobre el caso colombiano","book_author":"","book_translator":"","book_illustrator":"","book_publish_date_book":"2007-04-01","book_publish_date_ebook":null,"book_publish_date_audiobook":null,"book_collection_number":9,"book_pages":192,"book_file":"","book_img":"","books_related":null},"_links":{"self":[{"href":"https:\/\/www.alberdania.net\/eu\/wp-json\/wp\/v2\/product\/3178","targetHints":{"allow":["GET"]}}],"collection":[{"href":"https:\/\/www.alberdania.net\/eu\/wp-json\/wp\/v2\/product"}],"about":[{"href":"https:\/\/www.alberdania.net\/eu\/wp-json\/wp\/v2\/types\/product"}],"wp:featuredmedia":[{"embeddable":true,"href":"https:\/\/www.alberdania.net\/eu\/wp-json\/wp\/v2\/media\/4441"}],"wp:attachment":[{"href":"https:\/\/www.alberdania.net\/eu\/wp-json\/wp\/v2\/media?parent=3178"}],"wp:term":[{"taxonomy":"product_brand","embeddable":true,"href":"https:\/\/www.alberdania.net\/eu\/wp-json\/wp\/v2\/product_brand?post=3178"},{"taxonomy":"product_cat","embeddable":true,"href":"https:\/\/www.alberdania.net\/eu\/wp-json\/wp\/v2\/product_cat?post=3178"},{"taxonomy":"product_tag","embeddable":true,"href":"https:\/\/www.alberdania.net\/eu\/wp-json\/wp\/v2\/product_tag?post=3178"},{"taxonomy":"tax-colections","embeddable":true,"href":"https:\/\/www.alberdania.net\/eu\/wp-json\/wp\/v2\/tax-colections?post=3178"},{"taxonomy":"tax-langs","embeddable":true,"href":"https:\/\/www.alberdania.net\/eu\/wp-json\/wp\/v2\/tax-langs?post=3178"},{"taxonomy":"tax-encuadernacion","embeddable":true,"href":"https:\/\/www.alberdania.net\/eu\/wp-json\/wp\/v2\/tax-encuadernacion?post=3178"},{"taxonomy":"tax-availability","embeddable":true,"href":"https:\/\/www.alberdania.net\/eu\/wp-json\/wp\/v2\/tax-availability?post=3178"}],"curies":[{"name":"wp","href":"https:\/\/api.w.org\/{rel}","templated":true}]}}