{"id":3190,"date":"2023-10-17T13:47:44","date_gmt":"2023-10-17T13:47:44","guid":{"rendered":"https:\/\/berria.alberdania.net\/product\/nos-queda-la-ceniza\/"},"modified":"2026-04-14T02:27:07","modified_gmt":"2026-04-14T00:27:07","slug":"nos-queda-la-ceniza","status":"publish","type":"product","link":"https:\/\/www.alberdania.net\/eu\/product\/nos-queda-la-ceniza\/","title":{"rendered":"Nos queda la ceniza"},"content":{"rendered":"","protected":false},"excerpt":{"rendered":"<p>La novela se sit\u00faa en una aldea del Pa\u00eds Vasco, en los \u00faltimos a\u00f1os del franquismo y durante la transici\u00f3n. Una \u00e9poca y un lugar dif\u00edciles y conflictivos, que el autor conoce profundamente.<\/p>\n<p>\tEl narrador vive en esas \u00e9pocas su adolescencia y primera juventud. La novela nos muestra una rica galer\u00eda de personajes, en las que descaca el de Adela, la avanzada maestra del pueblo. El drama humano de esa mujer entra\u00f1able forma la urdimbre de una narraci\u00f3n que trasciende ampliamente en ese personaje central y su peripecia vital para tejer un formidable tapiz de amplia perspectiva.<\/p>\n<p>\tNo se trata, en todo caso,del analisis objetivo de una epoca hist\u00f3rica, sino de una lectura hecha a la luz de la sensibilidad m\u00e1s vibrante,de un testimonio creado a base de sufrimiento y gozo, escrito con las cenizas de quienes ya no estan.<\/p>\n","protected":false},"featured_media":4429,"template":"","meta":{"_acf_changed":false,"inline_featured_image":false},"product_brand":[],"product_cat":[15],"product_tag":[],"tax-colections":[59,126],"tax-langs":[83],"tax-encuadernacion":[105],"tax-availability":[97],"class_list":{"0":"post-3190","1":"product","2":"type-product","3":"status-publish","4":"has-post-thumbnail","6":"product_cat-sin-categoria","7":"pa_tipo-de-libro-papel","8":"tax-colections-literatura-para-adultos","9":"tax-colections-alga","10":"tax-langs-castellano","11":"tax-encuadernacion-bolsillo-tapa-blanda","12":"tax-availability-disponible","14":"first","15":"instock","16":"shipping-taxable","17":"purchasable","18":"product-type-variable"},"acf":{"id_gesedi":514,"book_subtitle":"","book_author":78,"book_translator":"","book_illustrator":"","book_publish_date_book":"2007-10-22","book_publish_date_ebook":null,"book_publish_date_audiobook":null,"book_collection_number":42,"book_pages":216,"book_file":"","book_img":"","books_related":null},"_links":{"self":[{"href":"https:\/\/www.alberdania.net\/eu\/wp-json\/wp\/v2\/product\/3190","targetHints":{"allow":["GET"]}}],"collection":[{"href":"https:\/\/www.alberdania.net\/eu\/wp-json\/wp\/v2\/product"}],"about":[{"href":"https:\/\/www.alberdania.net\/eu\/wp-json\/wp\/v2\/types\/product"}],"wp:featuredmedia":[{"embeddable":true,"href":"https:\/\/www.alberdania.net\/eu\/wp-json\/wp\/v2\/media\/4429"}],"wp:attachment":[{"href":"https:\/\/www.alberdania.net\/eu\/wp-json\/wp\/v2\/media?parent=3190"}],"wp:term":[{"taxonomy":"product_brand","embeddable":true,"href":"https:\/\/www.alberdania.net\/eu\/wp-json\/wp\/v2\/product_brand?post=3190"},{"taxonomy":"product_cat","embeddable":true,"href":"https:\/\/www.alberdania.net\/eu\/wp-json\/wp\/v2\/product_cat?post=3190"},{"taxonomy":"product_tag","embeddable":true,"href":"https:\/\/www.alberdania.net\/eu\/wp-json\/wp\/v2\/product_tag?post=3190"},{"taxonomy":"tax-colections","embeddable":true,"href":"https:\/\/www.alberdania.net\/eu\/wp-json\/wp\/v2\/tax-colections?post=3190"},{"taxonomy":"tax-langs","embeddable":true,"href":"https:\/\/www.alberdania.net\/eu\/wp-json\/wp\/v2\/tax-langs?post=3190"},{"taxonomy":"tax-encuadernacion","embeddable":true,"href":"https:\/\/www.alberdania.net\/eu\/wp-json\/wp\/v2\/tax-encuadernacion?post=3190"},{"taxonomy":"tax-availability","embeddable":true,"href":"https:\/\/www.alberdania.net\/eu\/wp-json\/wp\/v2\/tax-availability?post=3190"}],"curies":[{"name":"wp","href":"https:\/\/api.w.org\/{rel}","templated":true}]}}