{"id":3197,"date":"2023-10-17T13:48:12","date_gmt":"2023-10-17T13:48:12","guid":{"rendered":"https:\/\/berria.alberdania.net\/product\/carlota-y-el-enigma-del-tiempo\/"},"modified":"2026-04-14T02:27:27","modified_gmt":"2026-04-14T00:27:27","slug":"carlota-y-el-enigma-del-tiempo","status":"publish","type":"product","link":"https:\/\/www.alberdania.net\/eu\/product\/carlota-y-el-enigma-del-tiempo\/","title":{"rendered":"Carlota y el enigma del tiempo"},"content":{"rendered":"","protected":false},"excerpt":{"rendered":"<p>Pero \u00bfqu\u00e9 puede ser? No es seguro, pero es algo que puede correr, arrastrarse o volar. Algunos no lo tienen. Y para otros est\u00e1 parado. Puede cambiar beb\u00e9s en abuelos. \u00a1Y los mayores hablan sin parar de ello!<\/p>\n","protected":false},"featured_media":4423,"template":"","meta":{"_acf_changed":false,"inline_featured_image":false},"product_brand":[],"product_cat":[15],"product_tag":[],"tax-colections":[71,121],"tax-langs":[83],"tax-encuadernacion":[92],"tax-availability":[97],"class_list":{"0":"post-3197","1":"product","2":"type-product","3":"status-publish","4":"has-post-thumbnail","6":"product_cat-sin-categoria","7":"pa_tipo-de-libro-papel","8":"tax-colections-literatura-infantil-y-juvenil","9":"tax-colections-koloretako-albumak","10":"tax-langs-castellano","11":"tax-encuadernacion-tapa-blanda","12":"tax-availability-disponible","14":"first","15":"instock","16":"shipping-taxable","17":"purchasable","18":"product-type-variable"},"acf":{"id_gesedi":517,"book_subtitle":"","book_author":"","book_translator":"","book_illustrator":"","book_publish_date_book":"2007-11-01","book_publish_date_ebook":null,"book_publish_date_audiobook":null,"book_collection_number":0,"book_pages":32,"book_file":"","book_img":"","books_related":null},"_links":{"self":[{"href":"https:\/\/www.alberdania.net\/eu\/wp-json\/wp\/v2\/product\/3197","targetHints":{"allow":["GET"]}}],"collection":[{"href":"https:\/\/www.alberdania.net\/eu\/wp-json\/wp\/v2\/product"}],"about":[{"href":"https:\/\/www.alberdania.net\/eu\/wp-json\/wp\/v2\/types\/product"}],"wp:featuredmedia":[{"embeddable":true,"href":"https:\/\/www.alberdania.net\/eu\/wp-json\/wp\/v2\/media\/4423"}],"wp:attachment":[{"href":"https:\/\/www.alberdania.net\/eu\/wp-json\/wp\/v2\/media?parent=3197"}],"wp:term":[{"taxonomy":"product_brand","embeddable":true,"href":"https:\/\/www.alberdania.net\/eu\/wp-json\/wp\/v2\/product_brand?post=3197"},{"taxonomy":"product_cat","embeddable":true,"href":"https:\/\/www.alberdania.net\/eu\/wp-json\/wp\/v2\/product_cat?post=3197"},{"taxonomy":"product_tag","embeddable":true,"href":"https:\/\/www.alberdania.net\/eu\/wp-json\/wp\/v2\/product_tag?post=3197"},{"taxonomy":"tax-colections","embeddable":true,"href":"https:\/\/www.alberdania.net\/eu\/wp-json\/wp\/v2\/tax-colections?post=3197"},{"taxonomy":"tax-langs","embeddable":true,"href":"https:\/\/www.alberdania.net\/eu\/wp-json\/wp\/v2\/tax-langs?post=3197"},{"taxonomy":"tax-encuadernacion","embeddable":true,"href":"https:\/\/www.alberdania.net\/eu\/wp-json\/wp\/v2\/tax-encuadernacion?post=3197"},{"taxonomy":"tax-availability","embeddable":true,"href":"https:\/\/www.alberdania.net\/eu\/wp-json\/wp\/v2\/tax-availability?post=3197"}],"curies":[{"name":"wp","href":"https:\/\/api.w.org\/{rel}","templated":true}]}}