{"id":3215,"date":"2023-10-17T13:49:08","date_gmt":"2023-10-17T13:49:08","guid":{"rendered":"https:\/\/berria.alberdania.net\/product\/con-mano-izquierda\/"},"modified":"2026-04-14T02:31:15","modified_gmt":"2026-04-14T00:31:15","slug":"con-mano-izquierda","status":"publish","type":"product","link":"https:\/\/www.alberdania.net\/eu\/product\/con-mano-izquierda\/","title":{"rendered":"Con mano izquierda"},"content":{"rendered":"","protected":false},"excerpt":{"rendered":"<p>El abismo pol\u00edtico y personal que se abre d\u00eda a d\u00eda en Euskadi exige una terapia de choque original e imaginativa frente a los lugares comunes y clich\u00e9s que agotan el sentido de la pol\u00edtica como arte de lo posible. Este libro constituye un alegato frente al pensamiento \u00fanico y propone explorar salidas democr\u00e1ticas al oscuro t\u00fanel del terrorismo y al agobiante desencuentro pol\u00edtico. Se trata de reivindicar una visi\u00f3n diferente desde una nueva izquierda, ahora que el conservadurismo m\u00e1s autoritario recupera posiciones en el mundo. Los autores de Con mano izquierda mantienen que el socialismo vasco puede jugar otro papel, m\u00e1s audaz, para romper las cadenas del odio que retroalimentan el fanatismo y la perpetuaci\u00f3n del drama. Porque la pol\u00edtica, como la vida, como el amor, s\u00f3lo merece la pena si se corren riesgos.<\/p>\n","protected":false},"featured_media":4405,"template":"","meta":{"_acf_changed":false,"inline_featured_image":false},"product_brand":[],"product_cat":[15],"product_tag":[],"tax-colections":[59,126],"tax-langs":[83],"tax-encuadernacion":[105],"tax-availability":[97],"class_list":{"0":"post-3215","1":"product","2":"type-product","3":"status-publish","4":"has-post-thumbnail","6":"product_cat-sin-categoria","7":"pa_tipo-de-libro-papel","8":"tax-colections-literatura-para-adultos","9":"tax-colections-alga","10":"tax-langs-castellano","11":"tax-encuadernacion-bolsillo-tapa-blanda","12":"tax-availability-disponible","14":"first","15":"instock","16":"shipping-taxable","17":"purchasable","18":"product-type-variable"},"acf":{"id_gesedi":529,"book_subtitle":"Una nueva pol\u00edtica frente al colapso vasco","book_author":392,"book_translator":"","book_illustrator":"","book_publish_date_book":"2002-10-02","book_publish_date_ebook":null,"book_publish_date_audiobook":null,"book_collection_number":7,"book_pages":216,"book_file":"","book_img":"","books_related":null},"_links":{"self":[{"href":"https:\/\/www.alberdania.net\/eu\/wp-json\/wp\/v2\/product\/3215","targetHints":{"allow":["GET"]}}],"collection":[{"href":"https:\/\/www.alberdania.net\/eu\/wp-json\/wp\/v2\/product"}],"about":[{"href":"https:\/\/www.alberdania.net\/eu\/wp-json\/wp\/v2\/types\/product"}],"wp:featuredmedia":[{"embeddable":true,"href":"https:\/\/www.alberdania.net\/eu\/wp-json\/wp\/v2\/media\/4405"}],"wp:attachment":[{"href":"https:\/\/www.alberdania.net\/eu\/wp-json\/wp\/v2\/media?parent=3215"}],"wp:term":[{"taxonomy":"product_brand","embeddable":true,"href":"https:\/\/www.alberdania.net\/eu\/wp-json\/wp\/v2\/product_brand?post=3215"},{"taxonomy":"product_cat","embeddable":true,"href":"https:\/\/www.alberdania.net\/eu\/wp-json\/wp\/v2\/product_cat?post=3215"},{"taxonomy":"product_tag","embeddable":true,"href":"https:\/\/www.alberdania.net\/eu\/wp-json\/wp\/v2\/product_tag?post=3215"},{"taxonomy":"tax-colections","embeddable":true,"href":"https:\/\/www.alberdania.net\/eu\/wp-json\/wp\/v2\/tax-colections?post=3215"},{"taxonomy":"tax-langs","embeddable":true,"href":"https:\/\/www.alberdania.net\/eu\/wp-json\/wp\/v2\/tax-langs?post=3215"},{"taxonomy":"tax-encuadernacion","embeddable":true,"href":"https:\/\/www.alberdania.net\/eu\/wp-json\/wp\/v2\/tax-encuadernacion?post=3215"},{"taxonomy":"tax-availability","embeddable":true,"href":"https:\/\/www.alberdania.net\/eu\/wp-json\/wp\/v2\/tax-availability?post=3215"}],"curies":[{"name":"wp","href":"https:\/\/api.w.org\/{rel}","templated":true}]}}