{"id":3231,"date":"2023-10-17T13:50:27","date_gmt":"2023-10-17T13:50:27","guid":{"rendered":"https:\/\/berria.alberdania.net\/product\/cuando-alargar-el-paso\/"},"modified":"2026-04-14T02:32:04","modified_gmt":"2026-04-14T00:32:04","slug":"cuando-alargar-el-paso","status":"publish","type":"product","link":"https:\/\/www.alberdania.net\/eu\/product\/cuando-alargar-el-paso\/","title":{"rendered":"Cu\u00e1ndo alargar el paso"},"content":{"rendered":"","protected":false},"excerpt":{"rendered":"<p>Jaca, diciembre de 1930. El capit\u00e1n Gal\u00e1n y sus soldados se levantan en favor de la Rep\u00fablica. El capit\u00e1n pagar\u00e1 con su vida no saber sabido cu\u00e1ndo alargar el paso. Zarautz, 1960. El fraile que cre\u00f3 y dirige la Escuela Profesional espera al coche que ha de llevarlo a Madrid. Va a recoger el premio que Franco ha concedido a la Escuela, y lleva en sus manos un inquitante regalo parael dictador. Entre quienes lo rodean, algunos piensan que el paso que se dispone a dar es excesivamente largo; otros, por el contrario, lo consideran demasido corto. A medida que avance la novela, sabremos que el fraile de Zarautz es uno de los sublevados con Gal\u00e1n\u0085<\/p>\n<p>\tEn Cu\u00e1ndo alargar el paso, Ega\u00f1a lleva a lo m\u00e1s alto su maestr\u00eda para la sugerencia y la iron\u00eda.<\/p>\n","protected":false},"featured_media":4388,"template":"","meta":{"_acf_changed":false,"inline_featured_image":false},"product_brand":[],"product_cat":[15],"product_tag":[],"tax-colections":[59,126],"tax-langs":[83],"tax-encuadernacion":[105],"tax-availability":[97],"class_list":{"0":"post-3231","1":"product","2":"type-product","3":"status-publish","4":"has-post-thumbnail","6":"product_cat-sin-categoria","7":"pa_tipo-de-libro-papel","8":"tax-colections-literatura-para-adultos","9":"tax-colections-alga","10":"tax-langs-castellano","11":"tax-encuadernacion-bolsillo-tapa-blanda","12":"tax-availability-disponible","14":"first","15":"instock","16":"shipping-taxable","17":"purchasable","18":"product-type-variable"},"acf":{"id_gesedi":540,"book_subtitle":"","book_author":129,"book_translator":74,"book_illustrator":"","book_publish_date_book":"2007-06-01","book_publish_date_ebook":null,"book_publish_date_audiobook":null,"book_collection_number":40,"book_pages":224,"book_file":"","book_img":"","books_related":null},"_links":{"self":[{"href":"https:\/\/www.alberdania.net\/eu\/wp-json\/wp\/v2\/product\/3231","targetHints":{"allow":["GET"]}}],"collection":[{"href":"https:\/\/www.alberdania.net\/eu\/wp-json\/wp\/v2\/product"}],"about":[{"href":"https:\/\/www.alberdania.net\/eu\/wp-json\/wp\/v2\/types\/product"}],"wp:featuredmedia":[{"embeddable":true,"href":"https:\/\/www.alberdania.net\/eu\/wp-json\/wp\/v2\/media\/4388"}],"wp:attachment":[{"href":"https:\/\/www.alberdania.net\/eu\/wp-json\/wp\/v2\/media?parent=3231"}],"wp:term":[{"taxonomy":"product_brand","embeddable":true,"href":"https:\/\/www.alberdania.net\/eu\/wp-json\/wp\/v2\/product_brand?post=3231"},{"taxonomy":"product_cat","embeddable":true,"href":"https:\/\/www.alberdania.net\/eu\/wp-json\/wp\/v2\/product_cat?post=3231"},{"taxonomy":"product_tag","embeddable":true,"href":"https:\/\/www.alberdania.net\/eu\/wp-json\/wp\/v2\/product_tag?post=3231"},{"taxonomy":"tax-colections","embeddable":true,"href":"https:\/\/www.alberdania.net\/eu\/wp-json\/wp\/v2\/tax-colections?post=3231"},{"taxonomy":"tax-langs","embeddable":true,"href":"https:\/\/www.alberdania.net\/eu\/wp-json\/wp\/v2\/tax-langs?post=3231"},{"taxonomy":"tax-encuadernacion","embeddable":true,"href":"https:\/\/www.alberdania.net\/eu\/wp-json\/wp\/v2\/tax-encuadernacion?post=3231"},{"taxonomy":"tax-availability","embeddable":true,"href":"https:\/\/www.alberdania.net\/eu\/wp-json\/wp\/v2\/tax-availability?post=3231"}],"curies":[{"name":"wp","href":"https:\/\/api.w.org\/{rel}","templated":true}]}}