{"id":3261,"date":"2023-10-17T13:52:15","date_gmt":"2023-10-17T13:52:15","guid":{"rendered":"https:\/\/berria.alberdania.net\/product\/derechos-humanos-en-contextos-multiculturales\/"},"modified":"2026-04-14T02:36:34","modified_gmt":"2026-04-14T00:36:34","slug":"derechos-humanos-en-contextos-multiculturales","status":"publish","type":"product","link":"https:\/\/www.alberdania.net\/eu\/product\/derechos-humanos-en-contextos-multiculturales\/","title":{"rendered":"Derechos humanos en contextos multiculturales"},"content":{"rendered":"","protected":false},"excerpt":{"rendered":"<p>Los debates sobre la creciente diversidad cultural en las sociedades occidentales muestran los innumerables desaf\u00edos a los que se enfrentan hoy los Estados democr\u00e1ticos. Estos retos emergen en varios \u00e1mbitos de la realidad en los que las relaciones entre grupos mayoritarios y minoritarios afectan al espacio p\u00fablico y su regulaci\u00f3n. Al mismo tiempo, el debate debe ordenarse desde la perspectiva de los derechos y su compleja aplicaci\u00f3n universal a entornos marcadamente plurales. Por ello los debates, reflexiones y propuestas en este campo mantienen toda su actualidad y necesidad. No obstante, la gesti\u00f3n democr\u00e1tica de la diversidad es uno de los mayores retos ideol\u00f3gicos y operativos con los que se enfrentan hoy las sociedades europeas occidentales.<\/p>\n","protected":false},"featured_media":4364,"template":"","meta":{"_acf_changed":false,"inline_featured_image":false},"product_brand":[],"product_cat":[15],"product_tag":[],"tax-colections":[59,133],"tax-langs":[83],"tax-encuadernacion":[105],"tax-availability":[97],"class_list":{"0":"post-3261","1":"product","2":"type-product","3":"status-publish","4":"has-post-thumbnail","6":"product_cat-sin-categoria","7":"pa_tipo-de-libro-papel","8":"tax-colections-literatura-para-adultos","9":"tax-colections-giza-eskubideak","10":"tax-langs-castellano","11":"tax-encuadernacion-bolsillo-tapa-blanda","12":"tax-availability-disponible","14":"first","15":"instock","16":"shipping-taxable","17":"purchasable","18":"product-type-variable"},"acf":{"id_gesedi":555,"book_subtitle":"","book_author":244,"book_translator":"","book_illustrator":"","book_publish_date_book":"2011-01-30","book_publish_date_ebook":null,"book_publish_date_audiobook":null,"book_collection_number":18,"book_pages":206,"book_file":"","book_img":"","books_related":null},"_links":{"self":[{"href":"https:\/\/www.alberdania.net\/eu\/wp-json\/wp\/v2\/product\/3261","targetHints":{"allow":["GET"]}}],"collection":[{"href":"https:\/\/www.alberdania.net\/eu\/wp-json\/wp\/v2\/product"}],"about":[{"href":"https:\/\/www.alberdania.net\/eu\/wp-json\/wp\/v2\/types\/product"}],"wp:featuredmedia":[{"embeddable":true,"href":"https:\/\/www.alberdania.net\/eu\/wp-json\/wp\/v2\/media\/4364"}],"wp:attachment":[{"href":"https:\/\/www.alberdania.net\/eu\/wp-json\/wp\/v2\/media?parent=3261"}],"wp:term":[{"taxonomy":"product_brand","embeddable":true,"href":"https:\/\/www.alberdania.net\/eu\/wp-json\/wp\/v2\/product_brand?post=3261"},{"taxonomy":"product_cat","embeddable":true,"href":"https:\/\/www.alberdania.net\/eu\/wp-json\/wp\/v2\/product_cat?post=3261"},{"taxonomy":"product_tag","embeddable":true,"href":"https:\/\/www.alberdania.net\/eu\/wp-json\/wp\/v2\/product_tag?post=3261"},{"taxonomy":"tax-colections","embeddable":true,"href":"https:\/\/www.alberdania.net\/eu\/wp-json\/wp\/v2\/tax-colections?post=3261"},{"taxonomy":"tax-langs","embeddable":true,"href":"https:\/\/www.alberdania.net\/eu\/wp-json\/wp\/v2\/tax-langs?post=3261"},{"taxonomy":"tax-encuadernacion","embeddable":true,"href":"https:\/\/www.alberdania.net\/eu\/wp-json\/wp\/v2\/tax-encuadernacion?post=3261"},{"taxonomy":"tax-availability","embeddable":true,"href":"https:\/\/www.alberdania.net\/eu\/wp-json\/wp\/v2\/tax-availability?post=3261"}],"curies":[{"name":"wp","href":"https:\/\/api.w.org\/{rel}","templated":true}]}}