{"id":3280,"date":"2023-10-17T13:53:22","date_gmt":"2023-10-17T13:53:22","guid":{"rendered":"https:\/\/berria.alberdania.net\/product\/no-me-hagas-dano\/"},"modified":"2026-04-09T02:37:28","modified_gmt":"2026-04-09T00:37:28","slug":"no-me-hagas-dano","status":"publish","type":"product","link":"https:\/\/www.alberdania.net\/eu\/product\/no-me-hagas-dano\/","title":{"rendered":"No me hagas da\u00f1o"},"content":{"rendered":"","protected":false},"excerpt":{"rendered":"<p>En 2009, cincuenta y cinco mujeres han sido asesinadas en Espa\u00f1a por sus parejas o ex parejas. Seg\u00fan la polic\u00eda, sigue habiendo m\u00e1s de 1.200 casos de maltrato con \u0093riesgo alto o muy alto\u0094, y 13.000 casos de \u0093riesgo moderado\u0094\u0085 Una noticia, por terrible que sea, cae de las portadas a los cuatro o cinco d\u00edas, porque la gente ya la ha le\u00eddo, ya la sabe, y se cansa\u0085 Hay que buscar un asunto novedoso\u0085 A veces las noticias nos cansan. Nos cansan los muertos en Irak, los ni\u00f1os que deambulan perdidos por las calles de Hait\u00ed, las mujeres de Afganist\u00e1n. Nos cansan\u0085, pero siguen existiendo, y, como en la obra de Pirandello, a veces buscan a un autor para que les de vida, para que la gente no se olvide de ellos. Palizas, miedo, depresi\u00f3n, tristeza\u0085, pero, a pesar de todo, hay que denunciar. Luisa lo hace. Luisa es un personaje imaginado, creado por un autor de teatro, y est\u00e1 ah\u00ed, para contarnos su historia llena de dolor, de angustia y tambi\u00e9n de esperanza. Pero, sobre todo, Luisa existe para que no nos olvidemos de las otras Luisas, las reales.<\/p>\n","protected":false},"featured_media":0,"template":"","meta":{"_acf_changed":false,"inline_featured_image":false},"product_brand":[],"product_cat":[15],"product_tag":[],"tax-colections":[59,128],"tax-langs":[83],"tax-encuadernacion":[105],"tax-availability":[97],"class_list":{"0":"post-3280","1":"product","2":"type-product","3":"status-publish","5":"product_cat-sin-categoria","6":"pa_tipo-de-libro-ebook","7":"pa_tipo-de-libro-papel","8":"tax-colections-literatura-para-adultos","9":"tax-colections-astiro","10":"tax-langs-castellano","11":"tax-encuadernacion-bolsillo-tapa-blanda","12":"tax-availability-disponible","14":"first","15":"instock","16":"shipping-taxable","17":"purchasable","18":"product-type-variable"},"acf":{"id_gesedi":576,"book_subtitle":"","book_author":"","book_translator":"","book_illustrator":"","book_publish_date_book":"2010-05-15","book_publish_date_ebook":"2010-05-15","book_publish_date_audiobook":null,"book_collection_number":22,"book_pages":0,"book_file":null,"book_img":null,"books_related":null},"_links":{"self":[{"href":"https:\/\/www.alberdania.net\/eu\/wp-json\/wp\/v2\/product\/3280","targetHints":{"allow":["GET"]}}],"collection":[{"href":"https:\/\/www.alberdania.net\/eu\/wp-json\/wp\/v2\/product"}],"about":[{"href":"https:\/\/www.alberdania.net\/eu\/wp-json\/wp\/v2\/types\/product"}],"wp:attachment":[{"href":"https:\/\/www.alberdania.net\/eu\/wp-json\/wp\/v2\/media?parent=3280"}],"wp:term":[{"taxonomy":"product_brand","embeddable":true,"href":"https:\/\/www.alberdania.net\/eu\/wp-json\/wp\/v2\/product_brand?post=3280"},{"taxonomy":"product_cat","embeddable":true,"href":"https:\/\/www.alberdania.net\/eu\/wp-json\/wp\/v2\/product_cat?post=3280"},{"taxonomy":"product_tag","embeddable":true,"href":"https:\/\/www.alberdania.net\/eu\/wp-json\/wp\/v2\/product_tag?post=3280"},{"taxonomy":"tax-colections","embeddable":true,"href":"https:\/\/www.alberdania.net\/eu\/wp-json\/wp\/v2\/tax-colections?post=3280"},{"taxonomy":"tax-langs","embeddable":true,"href":"https:\/\/www.alberdania.net\/eu\/wp-json\/wp\/v2\/tax-langs?post=3280"},{"taxonomy":"tax-encuadernacion","embeddable":true,"href":"https:\/\/www.alberdania.net\/eu\/wp-json\/wp\/v2\/tax-encuadernacion?post=3280"},{"taxonomy":"tax-availability","embeddable":true,"href":"https:\/\/www.alberdania.net\/eu\/wp-json\/wp\/v2\/tax-availability?post=3280"}],"curies":[{"name":"wp","href":"https:\/\/api.w.org\/{rel}","templated":true}]}}