{"id":3295,"date":"2023-10-17T13:54:10","date_gmt":"2023-10-17T13:54:10","guid":{"rendered":"https:\/\/berria.alberdania.net\/product\/que-es-este-alboroto\/"},"modified":"2026-04-14T02:41:05","modified_gmt":"2026-04-14T00:41:05","slug":"que-es-este-alboroto","status":"publish","type":"product","link":"https:\/\/www.alberdania.net\/eu\/product\/que-es-este-alboroto\/","title":{"rendered":"\u00bfQu\u00e9 es este alboroto?"},"content":{"rendered":"","protected":false},"excerpt":{"rendered":"<p>Mart\u00edn el erizo descubre la m\u00fasica. Pero, por desgracia, su voz no le gusta a nadie. Ni siquiera sirven de nada las clases de canto que recibe del ruise\u00f1or. Nadie quiere escuchar a Mart\u00edn, y nadie quiere cantar con \u00e9l en el coro. Solamente el lobo, el cuervo y el ciervo, que tambi\u00e9n cantan bastante mal, est\u00e1n dispuestos a cantar con Mart\u00edn. Pero pronto descubrir\u00e1n que no todo el mundo tiene los mismo gustos, y que tambi\u00e9n hay a quien le gusta su forma de cantar.<\/p>\n","protected":false},"featured_media":4312,"template":"","meta":{"_acf_changed":false,"inline_featured_image":false},"product_brand":[],"product_cat":[15],"product_tag":[],"tax-colections":[71,121],"tax-langs":[83],"tax-encuadernacion":[93],"tax-availability":[97],"class_list":{"0":"post-3295","1":"product","2":"type-product","3":"status-publish","4":"has-post-thumbnail","6":"product_cat-sin-categoria","7":"pa_tipo-de-libro-papel","8":"tax-colections-literatura-infantil-y-juvenil","9":"tax-colections-koloretako-albumak","10":"tax-langs-castellano","11":"tax-encuadernacion-tapa-dura","12":"tax-availability-disponible","14":"first","15":"instock","16":"shipping-taxable","17":"purchasable","18":"product-type-variable"},"acf":{"id_gesedi":588,"book_subtitle":"","book_author":"","book_translator":"","book_illustrator":"","book_publish_date_book":"2006-04-01","book_publish_date_ebook":null,"book_publish_date_audiobook":null,"book_collection_number":0,"book_pages":28,"book_file":"","book_img":"","books_related":null},"_links":{"self":[{"href":"https:\/\/www.alberdania.net\/eu\/wp-json\/wp\/v2\/product\/3295","targetHints":{"allow":["GET"]}}],"collection":[{"href":"https:\/\/www.alberdania.net\/eu\/wp-json\/wp\/v2\/product"}],"about":[{"href":"https:\/\/www.alberdania.net\/eu\/wp-json\/wp\/v2\/types\/product"}],"wp:featuredmedia":[{"embeddable":true,"href":"https:\/\/www.alberdania.net\/eu\/wp-json\/wp\/v2\/media\/4312"}],"wp:attachment":[{"href":"https:\/\/www.alberdania.net\/eu\/wp-json\/wp\/v2\/media?parent=3295"}],"wp:term":[{"taxonomy":"product_brand","embeddable":true,"href":"https:\/\/www.alberdania.net\/eu\/wp-json\/wp\/v2\/product_brand?post=3295"},{"taxonomy":"product_cat","embeddable":true,"href":"https:\/\/www.alberdania.net\/eu\/wp-json\/wp\/v2\/product_cat?post=3295"},{"taxonomy":"product_tag","embeddable":true,"href":"https:\/\/www.alberdania.net\/eu\/wp-json\/wp\/v2\/product_tag?post=3295"},{"taxonomy":"tax-colections","embeddable":true,"href":"https:\/\/www.alberdania.net\/eu\/wp-json\/wp\/v2\/tax-colections?post=3295"},{"taxonomy":"tax-langs","embeddable":true,"href":"https:\/\/www.alberdania.net\/eu\/wp-json\/wp\/v2\/tax-langs?post=3295"},{"taxonomy":"tax-encuadernacion","embeddable":true,"href":"https:\/\/www.alberdania.net\/eu\/wp-json\/wp\/v2\/tax-encuadernacion?post=3295"},{"taxonomy":"tax-availability","embeddable":true,"href":"https:\/\/www.alberdania.net\/eu\/wp-json\/wp\/v2\/tax-availability?post=3295"}],"curies":[{"name":"wp","href":"https:\/\/api.w.org\/{rel}","templated":true}]}}