{"id":3303,"date":"2023-10-17T13:54:35","date_gmt":"2023-10-17T13:54:35","guid":{"rendered":"https:\/\/berria.alberdania.net\/product\/ya-ni-siquiera-es-tarde\/"},"modified":"2026-04-21T02:41:28","modified_gmt":"2026-04-21T00:41:28","slug":"ya-ni-siquiera-es-tarde","status":"publish","type":"product","link":"https:\/\/www.alberdania.net\/eu\/product\/ya-ni-siquiera-es-tarde\/","title":{"rendered":"Ya ni siquiera es tarde"},"content":{"rendered":"","protected":false},"excerpt":{"rendered":"<p>Se leen con una sonrisa. Porque las narraciones que conforman este libro rebosan humor. Un humor a veces tierno y a veces punzante, o negro, incluso tr\u00e1gico. Las breves narraciones de Iturbe se leen con suma atenci\u00f3n, y hacen experi-mentar a quien se sumerge en ellas cierta sensaci\u00f3n de culpabilidad, como si se escucharan conversacio-nes ajenas. Se leen con avidez, al ritmo del pulso r\u00e1pido que la auto-ra imprime a su prosa, y con el acicate de la mordacidad que desti-la su constante iron\u00eda. Las voces son casi siempre femeninas, y los temas giran en torno a la confrontaci\u00f3n entre los sexos. Es decir, las narraciones de Iturbe hablan de amor, odio y ven-ganza, y la perspectiva narrativa se sit\u00faa siempre en pleno centro del conflicto, nunca en la fr\u00eda posici\u00f3n del observador neutral.<\/p>\n","protected":false},"featured_media":4304,"template":"","meta":{"_acf_changed":false,"inline_featured_image":false},"product_brand":[],"product_cat":[15],"product_tag":[],"tax-colections":[126,59],"tax-langs":[83],"tax-encuadernacion":[105],"tax-availability":[97],"class_list":{"0":"post-3303","1":"product","2":"type-product","3":"status-publish","4":"has-post-thumbnail","6":"product_cat-sin-categoria","7":"pa_tipo-de-libro-papel","8":"tax-colections-alga","9":"tax-colections-literatura-para-adultos","10":"tax-langs-castellano","11":"tax-encuadernacion-bolsillo-tapa-blanda","12":"tax-availability-disponible","14":"first","15":"instock","16":"shipping-taxable","17":"purchasable","18":"product-type-variable"},"acf":{"id_gesedi":592,"book_subtitle":"","book_author":77,"book_translator":311,"book_illustrator":"","book_publish_date_book":"2005-05-25","book_publish_date_ebook":null,"book_publish_date_audiobook":null,"book_collection_number":22,"book_pages":104,"book_file":"","book_img":"","books_related":null},"_links":{"self":[{"href":"https:\/\/www.alberdania.net\/eu\/wp-json\/wp\/v2\/product\/3303","targetHints":{"allow":["GET"]}}],"collection":[{"href":"https:\/\/www.alberdania.net\/eu\/wp-json\/wp\/v2\/product"}],"about":[{"href":"https:\/\/www.alberdania.net\/eu\/wp-json\/wp\/v2\/types\/product"}],"wp:featuredmedia":[{"embeddable":true,"href":"https:\/\/www.alberdania.net\/eu\/wp-json\/wp\/v2\/media\/4304"}],"wp:attachment":[{"href":"https:\/\/www.alberdania.net\/eu\/wp-json\/wp\/v2\/media?parent=3303"}],"wp:term":[{"taxonomy":"product_brand","embeddable":true,"href":"https:\/\/www.alberdania.net\/eu\/wp-json\/wp\/v2\/product_brand?post=3303"},{"taxonomy":"product_cat","embeddable":true,"href":"https:\/\/www.alberdania.net\/eu\/wp-json\/wp\/v2\/product_cat?post=3303"},{"taxonomy":"product_tag","embeddable":true,"href":"https:\/\/www.alberdania.net\/eu\/wp-json\/wp\/v2\/product_tag?post=3303"},{"taxonomy":"tax-colections","embeddable":true,"href":"https:\/\/www.alberdania.net\/eu\/wp-json\/wp\/v2\/tax-colections?post=3303"},{"taxonomy":"tax-langs","embeddable":true,"href":"https:\/\/www.alberdania.net\/eu\/wp-json\/wp\/v2\/tax-langs?post=3303"},{"taxonomy":"tax-encuadernacion","embeddable":true,"href":"https:\/\/www.alberdania.net\/eu\/wp-json\/wp\/v2\/tax-encuadernacion?post=3303"},{"taxonomy":"tax-availability","embeddable":true,"href":"https:\/\/www.alberdania.net\/eu\/wp-json\/wp\/v2\/tax-availability?post=3303"}],"curies":[{"name":"wp","href":"https:\/\/api.w.org\/{rel}","templated":true}]}}