{"id":3305,"date":"2023-10-17T13:54:41","date_gmt":"2023-10-17T13:54:41","guid":{"rendered":"https:\/\/berria.alberdania.net\/product\/letargo\/"},"modified":"2026-04-21T02:41:34","modified_gmt":"2026-04-21T00:41:34","slug":"letargo","status":"publish","type":"product","link":"https:\/\/www.alberdania.net\/eu\/product\/letargo\/","title":{"rendered":"Letargo"},"content":{"rendered":"","protected":false},"excerpt":{"rendered":"<p>Las cinco narraciones que contiene este libro tienen como tel\u00f3n de fondo las circunstancias que han condicionado la vida de los nacidos en los primeros a\u00f1os 60. En la primera de las narraciones, el autor se sumerge en el ambiente de la posguerra, del cual han llegado hasta \u00e9l s\u00f3lo los ecos. Las siguientes piezas narrativas se aproximan gradualmente al momento actual, y en ellas es constante la presencia de la violencia pol\u00edtica (o, m\u00e1s exactamente, de los seres humanos que la practican y de los que la padecen), bien como tel\u00f3n de fondo, bien como elemento de primer plano. No se trata, sin embargo, de un libro sobre el conflicto vasco, sino de una literatura rebosante de humanidad (y de crudeza) que se aproxima al universo de todos cuantos hemos tenido que aprender a vivir y convivir en ese contexto.<\/p>\n","protected":false},"featured_media":4302,"template":"","meta":{"_acf_changed":false,"inline_featured_image":false},"product_brand":[],"product_cat":[15],"product_tag":[],"tax-colections":[59,126],"tax-langs":[83],"tax-encuadernacion":[105],"tax-availability":[97],"class_list":{"0":"post-3305","1":"product","2":"type-product","3":"status-publish","4":"has-post-thumbnail","6":"product_cat-sin-categoria","7":"pa_tipo-de-libro-papel","8":"tax-colections-literatura-para-adultos","9":"tax-colections-alga","10":"tax-langs-castellano","11":"tax-encuadernacion-bolsillo-tapa-blanda","12":"tax-availability-disponible","14":"first","15":"instock","16":"shipping-taxable","17":"purchasable","18":"product-type-variable"},"acf":{"id_gesedi":593,"book_subtitle":"","book_author":68,"book_translator":311,"book_illustrator":"","book_publish_date_book":"2005-04-20","book_publish_date_ebook":null,"book_publish_date_audiobook":null,"book_collection_number":21,"book_pages":120,"book_file":"","book_img":"","books_related":null},"_links":{"self":[{"href":"https:\/\/www.alberdania.net\/eu\/wp-json\/wp\/v2\/product\/3305","targetHints":{"allow":["GET"]}}],"collection":[{"href":"https:\/\/www.alberdania.net\/eu\/wp-json\/wp\/v2\/product"}],"about":[{"href":"https:\/\/www.alberdania.net\/eu\/wp-json\/wp\/v2\/types\/product"}],"wp:featuredmedia":[{"embeddable":true,"href":"https:\/\/www.alberdania.net\/eu\/wp-json\/wp\/v2\/media\/4302"}],"wp:attachment":[{"href":"https:\/\/www.alberdania.net\/eu\/wp-json\/wp\/v2\/media?parent=3305"}],"wp:term":[{"taxonomy":"product_brand","embeddable":true,"href":"https:\/\/www.alberdania.net\/eu\/wp-json\/wp\/v2\/product_brand?post=3305"},{"taxonomy":"product_cat","embeddable":true,"href":"https:\/\/www.alberdania.net\/eu\/wp-json\/wp\/v2\/product_cat?post=3305"},{"taxonomy":"product_tag","embeddable":true,"href":"https:\/\/www.alberdania.net\/eu\/wp-json\/wp\/v2\/product_tag?post=3305"},{"taxonomy":"tax-colections","embeddable":true,"href":"https:\/\/www.alberdania.net\/eu\/wp-json\/wp\/v2\/tax-colections?post=3305"},{"taxonomy":"tax-langs","embeddable":true,"href":"https:\/\/www.alberdania.net\/eu\/wp-json\/wp\/v2\/tax-langs?post=3305"},{"taxonomy":"tax-encuadernacion","embeddable":true,"href":"https:\/\/www.alberdania.net\/eu\/wp-json\/wp\/v2\/tax-encuadernacion?post=3305"},{"taxonomy":"tax-availability","embeddable":true,"href":"https:\/\/www.alberdania.net\/eu\/wp-json\/wp\/v2\/tax-availability?post=3305"}],"curies":[{"name":"wp","href":"https:\/\/api.w.org\/{rel}","templated":true}]}}