{"id":3309,"date":"2023-10-17T13:54:52","date_gmt":"2023-10-17T13:54:52","guid":{"rendered":"https:\/\/berria.alberdania.net\/product\/101-vascos-y-medio\/"},"modified":"2026-04-14T02:41:45","modified_gmt":"2026-04-14T00:41:45","slug":"101-vascos-y-medio","status":"publish","type":"product","link":"https:\/\/www.alberdania.net\/eu\/product\/101-vascos-y-medio\/","title":{"rendered":"101 vascos y medio"},"content":{"rendered":"","protected":false},"excerpt":{"rendered":"<p>\u00abAlgunos son donostiarras, muchos guipuzcoanos, casi todos vascos. Es una elecci\u00f3n caprichosa. No son sus biograf\u00edas, porque para eso ya est\u00e1n el BOE o el padr\u00f3n: lo que va aqu\u00ed es mi visi\u00f3n de ese paisanaje, mis retratos personales, porque es lo que puedo aportar que no est\u00e9 ya en el Espasa. He conocido a esta gente y ahora pinto el retrato colectivo de una generaci\u00f3n. \u00bfPor qu\u00e9 101 vascos y medio? Porque los 101 personajes del libro son vascos en sentido amplio y el \u0093medio\u0094 es Woody Allen: el paisano m\u00e1s cercano de cuantos desfilan por estas p\u00e1ginas. Aunque \u00e9l naciera en Nueva York y yo en Gros. De Arzak a Atxaga y de Oteiza a Ainhoa Arteta, de Xabi Alonso a Od\u00f3n Elorza y de Argi\u00f1ano a Julio Medem. Y al final, Ibarretxe. Lo dijo Dal\u00ed, o Picasso, qu\u00e9 m\u00e1s da: si a\u00fan no se parecen a mis retratos, ya se parecer\u00e1n\u00bb. Mitxel Ezquiaga<\/p>\n","protected":false},"featured_media":4298,"template":"","meta":{"_acf_changed":false,"inline_featured_image":false},"product_brand":[],"product_cat":[15],"product_tag":[],"tax-colections":[59,126],"tax-langs":[83],"tax-encuadernacion":[92],"tax-availability":[97],"class_list":{"0":"post-3309","1":"product","2":"type-product","3":"status-publish","4":"has-post-thumbnail","6":"product_cat-sin-categoria","7":"pa_tipo-de-libro-papel","8":"tax-colections-literatura-para-adultos","9":"tax-colections-alga","10":"tax-langs-castellano","11":"tax-encuadernacion-tapa-blanda","12":"tax-availability-disponible","14":"first","15":"instock","16":"shipping-taxable","17":"purchasable","18":"product-type-variable"},"acf":{"id_gesedi":595,"book_subtitle":"bestiario port\u00e1til","book_author":376,"book_translator":"","book_illustrator":"","book_publish_date_book":"2004-12-13","book_publish_date_ebook":null,"book_publish_date_audiobook":null,"book_collection_number":20,"book_pages":200,"book_file":"","book_img":"","books_related":null},"_links":{"self":[{"href":"https:\/\/www.alberdania.net\/eu\/wp-json\/wp\/v2\/product\/3309","targetHints":{"allow":["GET"]}}],"collection":[{"href":"https:\/\/www.alberdania.net\/eu\/wp-json\/wp\/v2\/product"}],"about":[{"href":"https:\/\/www.alberdania.net\/eu\/wp-json\/wp\/v2\/types\/product"}],"wp:featuredmedia":[{"embeddable":true,"href":"https:\/\/www.alberdania.net\/eu\/wp-json\/wp\/v2\/media\/4298"}],"wp:attachment":[{"href":"https:\/\/www.alberdania.net\/eu\/wp-json\/wp\/v2\/media?parent=3309"}],"wp:term":[{"taxonomy":"product_brand","embeddable":true,"href":"https:\/\/www.alberdania.net\/eu\/wp-json\/wp\/v2\/product_brand?post=3309"},{"taxonomy":"product_cat","embeddable":true,"href":"https:\/\/www.alberdania.net\/eu\/wp-json\/wp\/v2\/product_cat?post=3309"},{"taxonomy":"product_tag","embeddable":true,"href":"https:\/\/www.alberdania.net\/eu\/wp-json\/wp\/v2\/product_tag?post=3309"},{"taxonomy":"tax-colections","embeddable":true,"href":"https:\/\/www.alberdania.net\/eu\/wp-json\/wp\/v2\/tax-colections?post=3309"},{"taxonomy":"tax-langs","embeddable":true,"href":"https:\/\/www.alberdania.net\/eu\/wp-json\/wp\/v2\/tax-langs?post=3309"},{"taxonomy":"tax-encuadernacion","embeddable":true,"href":"https:\/\/www.alberdania.net\/eu\/wp-json\/wp\/v2\/tax-encuadernacion?post=3309"},{"taxonomy":"tax-availability","embeddable":true,"href":"https:\/\/www.alberdania.net\/eu\/wp-json\/wp\/v2\/tax-availability?post=3309"}],"curies":[{"name":"wp","href":"https:\/\/api.w.org\/{rel}","templated":true}]}}