{"id":3331,"date":"2023-10-17T13:56:05","date_gmt":"2023-10-17T13:56:05","guid":{"rendered":"https:\/\/berria.alberdania.net\/product\/oteiza-la-vida-como-experimento\/"},"modified":"2026-04-21T02:45:46","modified_gmt":"2026-04-21T00:45:46","slug":"oteiza-la-vida-como-experimento","status":"publish","type":"product","link":"https:\/\/www.alberdania.net\/eu\/product\/oteiza-la-vida-como-experimento\/","title":{"rendered":"Oteiza, la vida como experimento"},"content":{"rendered":"","protected":false},"excerpt":{"rendered":"<p>El temperamento del genio, ese don-maldici\u00f3n que indivualiza tanto como enajena, constituy\u00f3 sin duda el rasgo esencial de la personalidad humana y art\u00edstica de Oteiza, quien conjug\u00f3 en su vida y obra una energ\u00eda sin l\u00edmites, rasgo nuclear de ese temperamento, con una exigencia radical de rigor \u00e9tico-est\u00e9tico tanto hacia s\u00ed mismo como hacia su entorno. La v\u00eda elegida por el artista para poner en pr\u00e1ctica su ideario fue la de la experimentaci\u00f3n permanente, principio rector tanto de su peripecia vital como de sus prop\u00f3sitos creativos.<\/p>\n<p>\tLa bi\u00f3grafa se acerca a tan singular personaje con dos herramientas esenciales y coherentes con la personalidad del biografiado: rigor y contextualidad. En estas p\u00e1ginas, el ser humano habitado por el genio es tratado, tambi\u00e9n, con la empat\u00eda que, como todo gran seductor, provocaba en sus interlocutores.<\/p>\n","protected":false},"featured_media":4276,"template":"","meta":{"_acf_changed":false,"inline_featured_image":false},"product_brand":[],"product_cat":[15],"product_tag":[],"tax-colections":[59,126],"tax-langs":[83],"tax-encuadernacion":[105],"tax-availability":[97],"class_list":{"0":"post-3331","1":"product","2":"type-product","3":"status-publish","4":"has-post-thumbnail","6":"product_cat-sin-categoria","7":"pa_tipo-de-libro-papel","8":"tax-colections-literatura-para-adultos","9":"tax-colections-alga","10":"tax-langs-castellano","11":"tax-encuadernacion-bolsillo-tapa-blanda","12":"tax-availability-disponible","14":"first","15":"instock","16":"shipping-taxable","17":"purchasable","18":"product-type-variable"},"acf":{"id_gesedi":622,"book_subtitle":"","book_author":"","book_translator":"","book_illustrator":"","book_publish_date_book":"2006-04-14","book_publish_date_ebook":null,"book_publish_date_audiobook":null,"book_collection_number":29,"book_pages":376,"book_file":"","book_img":"","books_related":null},"_links":{"self":[{"href":"https:\/\/www.alberdania.net\/eu\/wp-json\/wp\/v2\/product\/3331","targetHints":{"allow":["GET"]}}],"collection":[{"href":"https:\/\/www.alberdania.net\/eu\/wp-json\/wp\/v2\/product"}],"about":[{"href":"https:\/\/www.alberdania.net\/eu\/wp-json\/wp\/v2\/types\/product"}],"wp:featuredmedia":[{"embeddable":true,"href":"https:\/\/www.alberdania.net\/eu\/wp-json\/wp\/v2\/media\/4276"}],"wp:attachment":[{"href":"https:\/\/www.alberdania.net\/eu\/wp-json\/wp\/v2\/media?parent=3331"}],"wp:term":[{"taxonomy":"product_brand","embeddable":true,"href":"https:\/\/www.alberdania.net\/eu\/wp-json\/wp\/v2\/product_brand?post=3331"},{"taxonomy":"product_cat","embeddable":true,"href":"https:\/\/www.alberdania.net\/eu\/wp-json\/wp\/v2\/product_cat?post=3331"},{"taxonomy":"product_tag","embeddable":true,"href":"https:\/\/www.alberdania.net\/eu\/wp-json\/wp\/v2\/product_tag?post=3331"},{"taxonomy":"tax-colections","embeddable":true,"href":"https:\/\/www.alberdania.net\/eu\/wp-json\/wp\/v2\/tax-colections?post=3331"},{"taxonomy":"tax-langs","embeddable":true,"href":"https:\/\/www.alberdania.net\/eu\/wp-json\/wp\/v2\/tax-langs?post=3331"},{"taxonomy":"tax-encuadernacion","embeddable":true,"href":"https:\/\/www.alberdania.net\/eu\/wp-json\/wp\/v2\/tax-encuadernacion?post=3331"},{"taxonomy":"tax-availability","embeddable":true,"href":"https:\/\/www.alberdania.net\/eu\/wp-json\/wp\/v2\/tax-availability?post=3331"}],"curies":[{"name":"wp","href":"https:\/\/api.w.org\/{rel}","templated":true}]}}