{"id":3345,"date":"2023-10-17T13:56:44","date_gmt":"2023-10-17T13:56:44","guid":{"rendered":"https:\/\/berria.alberdania.net\/product\/todo-es-rojo\/"},"modified":"2026-03-31T02:46:52","modified_gmt":"2026-03-31T00:46:52","slug":"todo-es-rojo","status":"publish","type":"product","link":"https:\/\/www.alberdania.net\/eu\/product\/todo-es-rojo\/","title":{"rendered":"Todo es rojo"},"content":{"rendered":"","protected":false},"excerpt":{"rendered":"<p>A todos nos ha ocurrido en alguna ocasi\u00f3n: o\u00edmos una frase, y las palabras, como si de un potente l\u00e1ser silencioso se tratara, nos penetran en las venas, para quedar adheridas a nuestra sangre, con la que circular\u00e1n incesantemente por todo nuestro organismo. O quiz\u00e1, en lugar de una frase, sea una persona la que, apenas haberla conocido, da con una plaza de aparcamiento en nuestro coraz\u00f3n. O se nos presentan situaciones imprevistas, como, por ejemplo, que, estando en posesi\u00f3n de una licenciatura en Bellas Artes, debamos ganarnos la vida trabajando en una gasolinera, lo que nos obligar\u00e1 a inventar realidades que nos ayuden a soportarlo.<br \/>\n\tAs\u00ed son las siete narraciones que completan este volumen: siete potentes fogonazos que, desde el inquietante escenario de una gasolinera, mover\u00e1n todo lo que en nuestro interior hay de vivo e inquieto.<\/p>\n","protected":false},"featured_media":4262,"template":"","meta":{"_acf_changed":false,"inline_featured_image":false},"product_brand":[],"product_cat":[15],"product_tag":[],"tax-colections":[59,128],"tax-langs":[83],"tax-encuadernacion":[105],"tax-availability":[97],"class_list":{"0":"post-3345","1":"product","2":"type-product","3":"status-publish","4":"has-post-thumbnail","6":"product_cat-sin-categoria","7":"pa_tipo-de-libro-papel","8":"tax-colections-literatura-para-adultos","9":"tax-colections-astiro","10":"tax-langs-castellano","11":"tax-encuadernacion-bolsillo-tapa-blanda","12":"tax-availability-disponible","14":"first","15":"instock","16":"shipping-taxable","17":"purchasable","18":"product-type-variable"},"acf":{"id_gesedi":630,"book_subtitle":"","book_author":55,"book_translator":"","book_illustrator":"","book_publish_date_book":"2012-05-14","book_publish_date_ebook":null,"book_publish_date_audiobook":null,"book_collection_number":45,"book_pages":88,"book_file":"","book_img":"","books_related":null},"_links":{"self":[{"href":"https:\/\/www.alberdania.net\/eu\/wp-json\/wp\/v2\/product\/3345","targetHints":{"allow":["GET"]}}],"collection":[{"href":"https:\/\/www.alberdania.net\/eu\/wp-json\/wp\/v2\/product"}],"about":[{"href":"https:\/\/www.alberdania.net\/eu\/wp-json\/wp\/v2\/types\/product"}],"wp:featuredmedia":[{"embeddable":true,"href":"https:\/\/www.alberdania.net\/eu\/wp-json\/wp\/v2\/media\/4262"}],"wp:attachment":[{"href":"https:\/\/www.alberdania.net\/eu\/wp-json\/wp\/v2\/media?parent=3345"}],"wp:term":[{"taxonomy":"product_brand","embeddable":true,"href":"https:\/\/www.alberdania.net\/eu\/wp-json\/wp\/v2\/product_brand?post=3345"},{"taxonomy":"product_cat","embeddable":true,"href":"https:\/\/www.alberdania.net\/eu\/wp-json\/wp\/v2\/product_cat?post=3345"},{"taxonomy":"product_tag","embeddable":true,"href":"https:\/\/www.alberdania.net\/eu\/wp-json\/wp\/v2\/product_tag?post=3345"},{"taxonomy":"tax-colections","embeddable":true,"href":"https:\/\/www.alberdania.net\/eu\/wp-json\/wp\/v2\/tax-colections?post=3345"},{"taxonomy":"tax-langs","embeddable":true,"href":"https:\/\/www.alberdania.net\/eu\/wp-json\/wp\/v2\/tax-langs?post=3345"},{"taxonomy":"tax-encuadernacion","embeddable":true,"href":"https:\/\/www.alberdania.net\/eu\/wp-json\/wp\/v2\/tax-encuadernacion?post=3345"},{"taxonomy":"tax-availability","embeddable":true,"href":"https:\/\/www.alberdania.net\/eu\/wp-json\/wp\/v2\/tax-availability?post=3345"}],"curies":[{"name":"wp","href":"https:\/\/api.w.org\/{rel}","templated":true}]}}