{"id":3347,"date":"2023-10-17T13:56:49","date_gmt":"2023-10-17T13:56:49","guid":{"rendered":"https:\/\/berria.alberdania.net\/product\/derechos-humanos-y-discriminacion\/"},"modified":"2026-04-21T02:46:39","modified_gmt":"2026-04-21T00:46:39","slug":"derechos-humanos-y-discriminacion","status":"publish","type":"product","link":"https:\/\/www.alberdania.net\/eu\/product\/derechos-humanos-y-discriminacion\/","title":{"rendered":"Derechos humanos y discriminaci\u00f3n"},"content":{"rendered":"","protected":false},"excerpt":{"rendered":"<p>La existencia de cualquier forma de discriminaci\u00f3n choca frontalmente con una cultura de derechos humanos a la que aspiramos como sociedad democr\u00e1tica. La lucha por la igualdad entre todas las personas que habitan cualquier sociedad desarrollada es una necesidad a\u00fan mayor en estos tiempos en los que diversos fen\u00f3menos sociol\u00f3gicos, tales como los movimientos migratorios, contribuyen en la creciente diversidad. El objetivo \u00faltimo de las sociedades democr\u00e1ticas de garantizar a todas las personas en cualquier sociedad el pleno disfrute de sus derechos humanos se limitado por la existencia de actitudes, estructuras y elementos discriminatorios. La erradicaci\u00f3n de cualquier forma de discriminaci\u00f3n plantea nuevos y continuos retos en la promoci\u00f3n de una cultura de los derechos humanos.<\/p>\n","protected":false},"featured_media":4260,"template":"","meta":{"_acf_changed":false,"inline_featured_image":false},"product_brand":[],"product_cat":[15],"product_tag":[],"tax-colections":[59,133],"tax-langs":[83],"tax-encuadernacion":[105],"tax-availability":[97],"class_list":{"0":"post-3347","1":"product","2":"type-product","3":"status-publish","4":"has-post-thumbnail","6":"product_cat-sin-categoria","7":"pa_tipo-de-libro-papel","8":"tax-colections-literatura-para-adultos","9":"tax-colections-giza-eskubideak","10":"tax-langs-castellano","11":"tax-encuadernacion-bolsillo-tapa-blanda","12":"tax-availability-disponible","14":"first","15":"instock","16":"shipping-taxable","17":"purchasable","18":"product-type-variable"},"acf":{"id_gesedi":634,"book_subtitle":"\u00bfnuevos o continuos retos?","book_author":243,"book_translator":"","book_illustrator":"","book_publish_date_book":"2009-09-09","book_publish_date_ebook":null,"book_publish_date_audiobook":null,"book_collection_number":14,"book_pages":220,"book_file":"","book_img":"","books_related":null},"_links":{"self":[{"href":"https:\/\/www.alberdania.net\/eu\/wp-json\/wp\/v2\/product\/3347","targetHints":{"allow":["GET"]}}],"collection":[{"href":"https:\/\/www.alberdania.net\/eu\/wp-json\/wp\/v2\/product"}],"about":[{"href":"https:\/\/www.alberdania.net\/eu\/wp-json\/wp\/v2\/types\/product"}],"wp:featuredmedia":[{"embeddable":true,"href":"https:\/\/www.alberdania.net\/eu\/wp-json\/wp\/v2\/media\/4260"}],"wp:attachment":[{"href":"https:\/\/www.alberdania.net\/eu\/wp-json\/wp\/v2\/media?parent=3347"}],"wp:term":[{"taxonomy":"product_brand","embeddable":true,"href":"https:\/\/www.alberdania.net\/eu\/wp-json\/wp\/v2\/product_brand?post=3347"},{"taxonomy":"product_cat","embeddable":true,"href":"https:\/\/www.alberdania.net\/eu\/wp-json\/wp\/v2\/product_cat?post=3347"},{"taxonomy":"product_tag","embeddable":true,"href":"https:\/\/www.alberdania.net\/eu\/wp-json\/wp\/v2\/product_tag?post=3347"},{"taxonomy":"tax-colections","embeddable":true,"href":"https:\/\/www.alberdania.net\/eu\/wp-json\/wp\/v2\/tax-colections?post=3347"},{"taxonomy":"tax-langs","embeddable":true,"href":"https:\/\/www.alberdania.net\/eu\/wp-json\/wp\/v2\/tax-langs?post=3347"},{"taxonomy":"tax-encuadernacion","embeddable":true,"href":"https:\/\/www.alberdania.net\/eu\/wp-json\/wp\/v2\/tax-encuadernacion?post=3347"},{"taxonomy":"tax-availability","embeddable":true,"href":"https:\/\/www.alberdania.net\/eu\/wp-json\/wp\/v2\/tax-availability?post=3347"}],"curies":[{"name":"wp","href":"https:\/\/api.w.org\/{rel}","templated":true}]}}