{"id":3360,"date":"2023-10-17T13:57:19","date_gmt":"2023-10-17T13:57:19","guid":{"rendered":"https:\/\/berria.alberdania.net\/product\/la-estrategia-de-la-sardina\/"},"modified":"2026-04-21T02:47:10","modified_gmt":"2026-04-21T00:47:10","slug":"la-estrategia-de-la-sardina","status":"publish","type":"product","link":"https:\/\/www.alberdania.net\/eu\/product\/la-estrategia-de-la-sardina\/","title":{"rendered":"La estrategia de la sardina"},"content":{"rendered":"","protected":false},"excerpt":{"rendered":"<p>Belasko un joven guipuzcoano, virgen e ingenuo, aficionado a la poes\u00eda, sobresaltado por el\u0093estado de excepci\u00f3n\u0094 de 1967, inicia un viaje laber\u00edntico que arranca en una pelea con el Santo Cristo de Lezo, sigue en un largo exilio (Par\u00eds, RFA), contin\u00faa, tras el atentado contra Carrero Blanco, en la c\u00e1rcel de Carabanchel y culmina, una vez promulgada la amnist\u00eda de 1976, en la misteriosa Torrea del Bidasoa, para\u00edso perdido de los agotes, donde parece regir como\u00fanica norma la recogida en la Religi\u00f3n Positiva de No\u00e9:\u0093Vive y deja vivir\u0094. El autor levanta acta del periplo de Belasko con una po\u00e9tica\u00e1cida y humor\u00edstica en la que, siempre, el ser humano queda a salvo\u0085 de s\u00ed mismo.<\/p>\n","protected":false},"featured_media":4248,"template":"","meta":{"_acf_changed":false,"inline_featured_image":false},"product_brand":[],"product_cat":[15],"product_tag":[],"tax-colections":[59,126],"tax-langs":[83],"tax-encuadernacion":[105],"tax-availability":[97],"class_list":{"0":"post-3360","1":"product","2":"type-product","3":"status-publish","4":"has-post-thumbnail","6":"product_cat-sin-categoria","7":"pa_tipo-de-libro-papel","8":"tax-colections-literatura-para-adultos","9":"tax-colections-alga","10":"tax-langs-castellano","11":"tax-encuadernacion-bolsillo-tapa-blanda","12":"tax-availability-disponible","14":"first","15":"instock","16":"shipping-taxable","17":"product-type-variable"},"acf":{"id_gesedi":647,"book_subtitle":"","book_author":"","book_translator":"","book_illustrator":"","book_publish_date_book":"2003-04-01","book_publish_date_ebook":null,"book_publish_date_audiobook":null,"book_collection_number":10,"book_pages":456,"book_file":"","book_img":"","books_related":""},"_links":{"self":[{"href":"https:\/\/www.alberdania.net\/eu\/wp-json\/wp\/v2\/product\/3360","targetHints":{"allow":["GET"]}}],"collection":[{"href":"https:\/\/www.alberdania.net\/eu\/wp-json\/wp\/v2\/product"}],"about":[{"href":"https:\/\/www.alberdania.net\/eu\/wp-json\/wp\/v2\/types\/product"}],"wp:featuredmedia":[{"embeddable":true,"href":"https:\/\/www.alberdania.net\/eu\/wp-json\/wp\/v2\/media\/4248"}],"wp:attachment":[{"href":"https:\/\/www.alberdania.net\/eu\/wp-json\/wp\/v2\/media?parent=3360"}],"wp:term":[{"taxonomy":"product_brand","embeddable":true,"href":"https:\/\/www.alberdania.net\/eu\/wp-json\/wp\/v2\/product_brand?post=3360"},{"taxonomy":"product_cat","embeddable":true,"href":"https:\/\/www.alberdania.net\/eu\/wp-json\/wp\/v2\/product_cat?post=3360"},{"taxonomy":"product_tag","embeddable":true,"href":"https:\/\/www.alberdania.net\/eu\/wp-json\/wp\/v2\/product_tag?post=3360"},{"taxonomy":"tax-colections","embeddable":true,"href":"https:\/\/www.alberdania.net\/eu\/wp-json\/wp\/v2\/tax-colections?post=3360"},{"taxonomy":"tax-langs","embeddable":true,"href":"https:\/\/www.alberdania.net\/eu\/wp-json\/wp\/v2\/tax-langs?post=3360"},{"taxonomy":"tax-encuadernacion","embeddable":true,"href":"https:\/\/www.alberdania.net\/eu\/wp-json\/wp\/v2\/tax-encuadernacion?post=3360"},{"taxonomy":"tax-availability","embeddable":true,"href":"https:\/\/www.alberdania.net\/eu\/wp-json\/wp\/v2\/tax-availability?post=3360"}],"curies":[{"name":"wp","href":"https:\/\/api.w.org\/{rel}","templated":true}]}}