{"id":3377,"date":"2023-10-17T13:58:27","date_gmt":"2023-10-17T13:58:27","guid":{"rendered":"https:\/\/berria.alberdania.net\/product\/el-amigo-invisible-adiskide-ikusezina\/"},"modified":"2026-04-14T02:51:09","modified_gmt":"2026-04-14T00:51:09","slug":"el-amigo-invisible-adiskide-ikusezina","status":"publish","type":"product","link":"https:\/\/www.alberdania.net\/eu\/product\/el-amigo-invisible-adiskide-ikusezina\/","title":{"rendered":"El amigo invisible = Adiskide Ikusezina"},"content":{"rendered":"","protected":false},"excerpt":{"rendered":"<p>Son visibles los prejuicios, el desarraigo, la explotaci\u00f3n\u0085, como si el mundo fuera todo soledad. Y la gente no quiere verlo. Esa invisibilidad encuentra su raz\u00f3n de ser en un especial modo de mirar. Pero ellos y ellas existen. Vinieron al \u00abPara\u00edso\u00bb impulsados desde los cuatro confines del mundo. Ahora participan de nuestros sue\u00f1os. Luchan por sacar la cabeza de las fauces del le\u00f3n. De cuidar a nuestros padres e hijos, de trabajar en la construcci\u00f3n o recoger las hortalizas en los campos, pasan a ser nuestros m\u00fasicos, nuestros profesores de ingl\u00e9s, inform\u00e1ticos, publicistas o empresarios. Son \u00abel amigo invisible\u00bb, porque nos regalan el mestizaje, la interculturalidad, otras sonrisas, nuevos puntos de vista; a la vez que impulsan la natalidad y afianzan el Estado del Bienestar. \u00a1Nos regalan tanto\u0085 sin que nos enteremos! Han hecho poes\u00eda con su vida y con este libro. Ellos y ellas tambi\u00e9n son Euskal Herria.<\/p>\n","protected":false},"featured_media":4232,"template":"","meta":{"_acf_changed":false,"inline_featured_image":false},"product_brand":[],"product_cat":[15],"product_tag":[],"tax-colections":[126,59],"tax-langs":[83],"tax-encuadernacion":[105],"tax-availability":[97],"class_list":{"0":"post-3377","1":"product","2":"type-product","3":"status-publish","4":"has-post-thumbnail","6":"product_cat-sin-categoria","7":"pa_tipo-de-libro-papel","8":"tax-colections-alga","9":"tax-colections-literatura-para-adultos","10":"tax-langs-castellano","11":"tax-encuadernacion-bolsillo-tapa-blanda","12":"tax-availability-disponible","14":"first","15":"instock","16":"shipping-taxable","17":"purchasable","18":"product-type-variable"},"acf":{"id_gesedi":658,"book_subtitle":"","book_author":253,"book_translator":120,"book_illustrator":"","book_publish_date_book":"2001-10-20","book_publish_date_ebook":null,"book_publish_date_audiobook":null,"book_collection_number":4,"book_pages":304,"book_file":"","book_img":"","books_related":null},"_links":{"self":[{"href":"https:\/\/www.alberdania.net\/eu\/wp-json\/wp\/v2\/product\/3377","targetHints":{"allow":["GET"]}}],"collection":[{"href":"https:\/\/www.alberdania.net\/eu\/wp-json\/wp\/v2\/product"}],"about":[{"href":"https:\/\/www.alberdania.net\/eu\/wp-json\/wp\/v2\/types\/product"}],"wp:featuredmedia":[{"embeddable":true,"href":"https:\/\/www.alberdania.net\/eu\/wp-json\/wp\/v2\/media\/4232"}],"wp:attachment":[{"href":"https:\/\/www.alberdania.net\/eu\/wp-json\/wp\/v2\/media?parent=3377"}],"wp:term":[{"taxonomy":"product_brand","embeddable":true,"href":"https:\/\/www.alberdania.net\/eu\/wp-json\/wp\/v2\/product_brand?post=3377"},{"taxonomy":"product_cat","embeddable":true,"href":"https:\/\/www.alberdania.net\/eu\/wp-json\/wp\/v2\/product_cat?post=3377"},{"taxonomy":"product_tag","embeddable":true,"href":"https:\/\/www.alberdania.net\/eu\/wp-json\/wp\/v2\/product_tag?post=3377"},{"taxonomy":"tax-colections","embeddable":true,"href":"https:\/\/www.alberdania.net\/eu\/wp-json\/wp\/v2\/tax-colections?post=3377"},{"taxonomy":"tax-langs","embeddable":true,"href":"https:\/\/www.alberdania.net\/eu\/wp-json\/wp\/v2\/tax-langs?post=3377"},{"taxonomy":"tax-encuadernacion","embeddable":true,"href":"https:\/\/www.alberdania.net\/eu\/wp-json\/wp\/v2\/tax-encuadernacion?post=3377"},{"taxonomy":"tax-availability","embeddable":true,"href":"https:\/\/www.alberdania.net\/eu\/wp-json\/wp\/v2\/tax-availability?post=3377"}],"curies":[{"name":"wp","href":"https:\/\/api.w.org\/{rel}","templated":true}]}}