{"id":3383,"date":"2023-10-17T13:58:43","date_gmt":"2023-10-17T13:58:43","guid":{"rendered":"https:\/\/berria.alberdania.net\/product\/manual-para-extranjeros\/"},"modified":"2026-04-14T02:51:26","modified_gmt":"2026-04-14T00:51:26","slug":"manual-para-extranjeros","status":"publish","type":"product","link":"https:\/\/www.alberdania.net\/eu\/product\/manual-para-extranjeros\/","title":{"rendered":"Manual para extranjeros"},"content":{"rendered":"","protected":false},"excerpt":{"rendered":"<p>\u00abYo sab\u00eda -dice en alg\u00fan momento el personaje narrador de Manual para extranjeros-, que todo aquello era una completa injusticia, pero no me inquietaba demasiado. Al fin y al cabo, la justicia no es un requisito indispensable para que el planeta siga funcionando. M\u00e1s bien al contrario, hay serias dudas acerca de la viabilidad f\u00edsica y filos\u00f3fica de un mundo completamente justo\u00bb. En ese mundo veros\u00edmil y viable (un mundo que comparten los lectores) viven los personajes de este libro, personajes atareados en labores de mera supervivencia y emplazados en un momento de la historia tan azaroso como el nuestro. Los relatos de Manual para extranjeros destacan por su humor amargo y por la sonrisa que pueden suscitar a lo largo de la lectura, una sonrisa parad\u00f3jica y humana, porque no est\u00e1 re\u00f1ida con la tristeza.<\/p>\n","protected":false},"featured_media":4226,"template":"","meta":{"_acf_changed":false,"inline_featured_image":false},"product_brand":[],"product_cat":[15],"product_tag":[],"tax-colections":[59,126],"tax-langs":[83],"tax-encuadernacion":[105],"tax-availability":[97],"class_list":{"0":"post-3383","1":"product","2":"type-product","3":"status-publish","4":"has-post-thumbnail","6":"product_cat-sin-categoria","7":"pa_tipo-de-libro-papel","8":"tax-colections-literatura-para-adultos","9":"tax-colections-alga","10":"tax-langs-castellano","11":"tax-encuadernacion-bolsillo-tapa-blanda","12":"tax-availability-disponible","14":"first","15":"instock","16":"shipping-taxable","17":"purchasable","18":"product-type-variable"},"acf":{"id_gesedi":662,"book_subtitle":"","book_author":398,"book_translator":"","book_illustrator":"","book_publish_date_book":"2001-04-04","book_publish_date_ebook":null,"book_publish_date_audiobook":null,"book_collection_number":3,"book_pages":120,"book_file":"","book_img":"","books_related":null},"_links":{"self":[{"href":"https:\/\/www.alberdania.net\/eu\/wp-json\/wp\/v2\/product\/3383","targetHints":{"allow":["GET"]}}],"collection":[{"href":"https:\/\/www.alberdania.net\/eu\/wp-json\/wp\/v2\/product"}],"about":[{"href":"https:\/\/www.alberdania.net\/eu\/wp-json\/wp\/v2\/types\/product"}],"wp:featuredmedia":[{"embeddable":true,"href":"https:\/\/www.alberdania.net\/eu\/wp-json\/wp\/v2\/media\/4226"}],"wp:attachment":[{"href":"https:\/\/www.alberdania.net\/eu\/wp-json\/wp\/v2\/media?parent=3383"}],"wp:term":[{"taxonomy":"product_brand","embeddable":true,"href":"https:\/\/www.alberdania.net\/eu\/wp-json\/wp\/v2\/product_brand?post=3383"},{"taxonomy":"product_cat","embeddable":true,"href":"https:\/\/www.alberdania.net\/eu\/wp-json\/wp\/v2\/product_cat?post=3383"},{"taxonomy":"product_tag","embeddable":true,"href":"https:\/\/www.alberdania.net\/eu\/wp-json\/wp\/v2\/product_tag?post=3383"},{"taxonomy":"tax-colections","embeddable":true,"href":"https:\/\/www.alberdania.net\/eu\/wp-json\/wp\/v2\/tax-colections?post=3383"},{"taxonomy":"tax-langs","embeddable":true,"href":"https:\/\/www.alberdania.net\/eu\/wp-json\/wp\/v2\/tax-langs?post=3383"},{"taxonomy":"tax-encuadernacion","embeddable":true,"href":"https:\/\/www.alberdania.net\/eu\/wp-json\/wp\/v2\/tax-encuadernacion?post=3383"},{"taxonomy":"tax-availability","embeddable":true,"href":"https:\/\/www.alberdania.net\/eu\/wp-json\/wp\/v2\/tax-availability?post=3383"}],"curies":[{"name":"wp","href":"https:\/\/api.w.org\/{rel}","templated":true}]}}