{"id":3401,"date":"2023-10-17T13:59:42","date_gmt":"2023-10-17T13:59:42","guid":{"rendered":"https:\/\/berria.alberdania.net\/product\/como-perder-100-apuestas\/"},"modified":"2026-04-14T02:52:17","modified_gmt":"2026-04-14T00:52:17","slug":"como-perder-100-apuestas","status":"publish","type":"product","link":"https:\/\/www.alberdania.net\/eu\/product\/como-perder-100-apuestas\/","title":{"rendered":"C\u00f3mo perder 100 apuestas"},"content":{"rendered":"","protected":false},"excerpt":{"rendered":"<p>Edorta Agirre clasifica en diversas fases el proceso de alimentaci\u00f3n, y, bas\u00e1ndose en esa clasificaci\u00f3n y sin incurrir en la adivinaci\u00f3n ni en la profeci\u00eda (tareas ambas excesivamente arduas), nos lanza cien apuestas relacionadas con nuestos h\u00e1bitos alimentarios. Con rotunda seriedad, al viejo estilo de los vascos. Asisko Urmeneta, dibujo a dibujo, ha desempe\u00f1ado una no tan seria labor de secretar\u00eda.<\/p>\n<p>\t\u00bfQu\u00e9 porvenir podemos esperar? \u00bfQu\u00e9 es lo que merecemos? \u00bfDebemos certificar la defunci\u00f3n de las explotaciones agropecuarias no industrializadas? \u00bfDe qu\u00e9 tipo de profesionales dispondremos? \u00bfTendr\u00e1 solucion nuestro engreimiento? \u00bfQui\u00e9n nos enga\u00f1ar\u00e1 en el futuro?<\/p>\n","protected":false},"featured_media":4207,"template":"","meta":{"_acf_changed":false,"inline_featured_image":false},"product_brand":[],"product_cat":[15],"product_tag":[],"tax-colections":[59,190],"tax-langs":[83],"tax-encuadernacion":[105],"tax-availability":[97],"class_list":{"0":"post-3401","1":"product","2":"type-product","3":"status-publish","4":"has-post-thumbnail","6":"product_cat-sin-categoria","7":"pa_tipo-de-libro-papel","8":"tax-colections-literatura-para-adultos","9":"tax-colections-bildumaz-kanpokoak","10":"tax-langs-castellano","11":"tax-encuadernacion-bolsillo-tapa-blanda","12":"tax-availability-disponible","14":"first","15":"instock","16":"shipping-taxable","17":"purchasable","18":"product-type-variable"},"acf":{"id_gesedi":679,"book_subtitle":"cien predicciones sobre temas alimentarios","book_author":"","book_translator":"","book_illustrator":204,"book_publish_date_book":"2007-12-01","book_publish_date_ebook":null,"book_publish_date_audiobook":null,"book_collection_number":49,"book_pages":110,"book_file":"","book_img":"","books_related":null},"_links":{"self":[{"href":"https:\/\/www.alberdania.net\/eu\/wp-json\/wp\/v2\/product\/3401","targetHints":{"allow":["GET"]}}],"collection":[{"href":"https:\/\/www.alberdania.net\/eu\/wp-json\/wp\/v2\/product"}],"about":[{"href":"https:\/\/www.alberdania.net\/eu\/wp-json\/wp\/v2\/types\/product"}],"wp:featuredmedia":[{"embeddable":true,"href":"https:\/\/www.alberdania.net\/eu\/wp-json\/wp\/v2\/media\/4207"}],"wp:attachment":[{"href":"https:\/\/www.alberdania.net\/eu\/wp-json\/wp\/v2\/media?parent=3401"}],"wp:term":[{"taxonomy":"product_brand","embeddable":true,"href":"https:\/\/www.alberdania.net\/eu\/wp-json\/wp\/v2\/product_brand?post=3401"},{"taxonomy":"product_cat","embeddable":true,"href":"https:\/\/www.alberdania.net\/eu\/wp-json\/wp\/v2\/product_cat?post=3401"},{"taxonomy":"product_tag","embeddable":true,"href":"https:\/\/www.alberdania.net\/eu\/wp-json\/wp\/v2\/product_tag?post=3401"},{"taxonomy":"tax-colections","embeddable":true,"href":"https:\/\/www.alberdania.net\/eu\/wp-json\/wp\/v2\/tax-colections?post=3401"},{"taxonomy":"tax-langs","embeddable":true,"href":"https:\/\/www.alberdania.net\/eu\/wp-json\/wp\/v2\/tax-langs?post=3401"},{"taxonomy":"tax-encuadernacion","embeddable":true,"href":"https:\/\/www.alberdania.net\/eu\/wp-json\/wp\/v2\/tax-encuadernacion?post=3401"},{"taxonomy":"tax-availability","embeddable":true,"href":"https:\/\/www.alberdania.net\/eu\/wp-json\/wp\/v2\/tax-availability?post=3401"}],"curies":[{"name":"wp","href":"https:\/\/api.w.org\/{rel}","templated":true}]}}