{"id":3458,"date":"2023-10-17T14:03:39","date_gmt":"2023-10-17T14:03:39","guid":{"rendered":"https:\/\/berria.alberdania.net\/product\/derrotero-de-pio-baroja\/"},"modified":"2026-04-21T03:01:06","modified_gmt":"2026-04-21T01:01:06","slug":"derrotero-de-pio-baroja","status":"publish","type":"product","link":"https:\/\/www.alberdania.net\/eu\/product\/derrotero-de-pio-baroja\/","title":{"rendered":"Derrotero de P\u00edo Baroja"},"content":{"rendered":"","protected":false},"excerpt":{"rendered":"<p>Este libro es el resultado de la lectura recurrente, entusi\u00e1stica y arbitraria de las obras de un escritor que, a cuarenta a\u00f1os de su muerte, se deja leer con una frescura rara y que encuentra, mucho mejor que ning\u00fan otro de su tiempo, lectores c\u00f3mplices: los famosos barojianos. Libro parcial y subjetivo, que quiere responder al porqu\u00e9 de esa fascinaci\u00f3n por el aventurero pasivo, el peat\u00f3n de las ciudades, el paciente y minucioso erudito que, entre otras muchas cosas, fue P\u00edo Baroja, por su obra, su personalidad y su mundo abigarrado, repleto de personajes y de lances que, a su modo, explican la vida que lo sostiene y que qued\u00f3 atrapada en \u00e9l como un bosque en la niebla.<\/p>\n","protected":false},"featured_media":4155,"template":"","meta":{"_acf_changed":false,"inline_featured_image":false},"product_brand":[],"product_cat":[15],"product_tag":[],"tax-colections":[59,126],"tax-langs":[83],"tax-encuadernacion":[105],"tax-availability":[97],"class_list":{"0":"post-3458","1":"product","2":"type-product","3":"status-publish","4":"has-post-thumbnail","6":"product_cat-sin-categoria","7":"pa_tipo-de-libro-papel","8":"pa_tipo-de-libro-ebook","9":"tax-colections-literatura-para-adultos","10":"tax-colections-alga","11":"tax-langs-castellano","12":"tax-encuadernacion-bolsillo-tapa-blanda","13":"tax-availability-disponible","15":"first","16":"instock","17":"shipping-taxable","18":"purchasable","19":"product-type-variable"},"acf":{"id_gesedi":724,"book_subtitle":"","book_author":59,"book_translator":"","book_illustrator":"","book_publish_date_book":"2000-04-01","book_publish_date_ebook":"2000-04-12","book_publish_date_audiobook":null,"book_collection_number":1,"book_pages":0,"book_file":"","book_img":"","books_related":null},"_links":{"self":[{"href":"https:\/\/www.alberdania.net\/eu\/wp-json\/wp\/v2\/product\/3458","targetHints":{"allow":["GET"]}}],"collection":[{"href":"https:\/\/www.alberdania.net\/eu\/wp-json\/wp\/v2\/product"}],"about":[{"href":"https:\/\/www.alberdania.net\/eu\/wp-json\/wp\/v2\/types\/product"}],"wp:featuredmedia":[{"embeddable":true,"href":"https:\/\/www.alberdania.net\/eu\/wp-json\/wp\/v2\/media\/4155"}],"wp:attachment":[{"href":"https:\/\/www.alberdania.net\/eu\/wp-json\/wp\/v2\/media?parent=3458"}],"wp:term":[{"taxonomy":"product_brand","embeddable":true,"href":"https:\/\/www.alberdania.net\/eu\/wp-json\/wp\/v2\/product_brand?post=3458"},{"taxonomy":"product_cat","embeddable":true,"href":"https:\/\/www.alberdania.net\/eu\/wp-json\/wp\/v2\/product_cat?post=3458"},{"taxonomy":"product_tag","embeddable":true,"href":"https:\/\/www.alberdania.net\/eu\/wp-json\/wp\/v2\/product_tag?post=3458"},{"taxonomy":"tax-colections","embeddable":true,"href":"https:\/\/www.alberdania.net\/eu\/wp-json\/wp\/v2\/tax-colections?post=3458"},{"taxonomy":"tax-langs","embeddable":true,"href":"https:\/\/www.alberdania.net\/eu\/wp-json\/wp\/v2\/tax-langs?post=3458"},{"taxonomy":"tax-encuadernacion","embeddable":true,"href":"https:\/\/www.alberdania.net\/eu\/wp-json\/wp\/v2\/tax-encuadernacion?post=3458"},{"taxonomy":"tax-availability","embeddable":true,"href":"https:\/\/www.alberdania.net\/eu\/wp-json\/wp\/v2\/tax-availability?post=3458"}],"curies":[{"name":"wp","href":"https:\/\/api.w.org\/{rel}","templated":true}]}}