{"id":3466,"date":"2023-10-17T14:03:58","date_gmt":"2023-10-17T14:03:58","guid":{"rendered":"https:\/\/berria.alberdania.net\/product\/una-muerte-de-libro\/"},"modified":"2026-04-14T03:01:27","modified_gmt":"2026-04-14T01:01:27","slug":"una-muerte-de-libro","status":"publish","type":"product","link":"https:\/\/www.alberdania.net\/eu\/product\/una-muerte-de-libro\/","title":{"rendered":"Una muerte de libro"},"content":{"rendered":"","protected":false},"excerpt":{"rendered":"<p>Don Columbano Parra Pera, presidente de una empresa que cotiza en la Bolsa de Madrid, fue, entre otras muchas cosas, amigo del creador de la Pi\u00f1a Colada, pero, sobre todo, el m\u00e1s intensivo (y extensivo) disfrutador de la vida y sus diversos placeres que haya pisado estos mundos nuestros. Madrid y Puerto Rico son dos de los escenarios que conocen de cerca su peripecia vital, y entre ambos lugares se teje, tambi\u00e9n, la mara\u00f1a de su fatal destino, que habr\u00e1 de ser desenredada por el polic\u00eda portorrique\u00f1o Luis Alberto Taibo Rijos, de la unidad antidrogas, con la ayuda de dos j\u00f3venes estudiantes de Derecho, familiares de don Columbano.Por esta novela de intriga, enredo y, sobre todo, humor desbordante, desfila una variopinta galer\u00eda de personajes, cada cual con sus afanes y todos con sus pasiones, que rayan, a veces, en el paroxismo.Go\u00f1i conduce al lector por los vericuetos de una colorista narraci\u00f3n coral sin dejar de procurarle a cada paso sustento suficiente para la curiosidad, la hilaridad y el suspense. Al servicio de esa tarea pone toda la potencia de un lenguaje m\u00e1s fiel al uso real y al mestizaje hispanocaribe\u00f1o que a los remilgos puristas, pero lo hace, siempre, con un rigor l\u00e9xico y estil\u00edstico que el lector agradecer\u00e1 por su belleza.<\/p>\n","protected":false},"featured_media":4149,"template":"","meta":{"_acf_changed":false,"inline_featured_image":false},"product_brand":[],"product_cat":[15],"product_tag":[],"tax-colections":[59,128],"tax-langs":[83],"tax-encuadernacion":[105],"tax-availability":[97],"class_list":{"0":"post-3466","1":"product","2":"type-product","3":"status-publish","4":"has-post-thumbnail","6":"product_cat-sin-categoria","7":"pa_tipo-de-libro-ebook","8":"pa_tipo-de-libro-papel","9":"tax-colections-literatura-para-adultos","10":"tax-colections-astiro","11":"tax-langs-castellano","12":"tax-encuadernacion-bolsillo-tapa-blanda","13":"tax-availability-disponible","15":"first","16":"instock","17":"shipping-taxable","18":"purchasable","19":"product-type-variable"},"acf":{"id_gesedi":731,"book_subtitle":"","book_author":63,"book_translator":"","book_illustrator":"","book_publish_date_book":"2011-10-05","book_publish_date_ebook":"2011-10-05","book_publish_date_audiobook":null,"book_collection_number":37,"book_pages":0,"book_file":"","book_img":"","books_related":null},"_links":{"self":[{"href":"https:\/\/www.alberdania.net\/eu\/wp-json\/wp\/v2\/product\/3466","targetHints":{"allow":["GET"]}}],"collection":[{"href":"https:\/\/www.alberdania.net\/eu\/wp-json\/wp\/v2\/product"}],"about":[{"href":"https:\/\/www.alberdania.net\/eu\/wp-json\/wp\/v2\/types\/product"}],"wp:featuredmedia":[{"embeddable":true,"href":"https:\/\/www.alberdania.net\/eu\/wp-json\/wp\/v2\/media\/4149"}],"wp:attachment":[{"href":"https:\/\/www.alberdania.net\/eu\/wp-json\/wp\/v2\/media?parent=3466"}],"wp:term":[{"taxonomy":"product_brand","embeddable":true,"href":"https:\/\/www.alberdania.net\/eu\/wp-json\/wp\/v2\/product_brand?post=3466"},{"taxonomy":"product_cat","embeddable":true,"href":"https:\/\/www.alberdania.net\/eu\/wp-json\/wp\/v2\/product_cat?post=3466"},{"taxonomy":"product_tag","embeddable":true,"href":"https:\/\/www.alberdania.net\/eu\/wp-json\/wp\/v2\/product_tag?post=3466"},{"taxonomy":"tax-colections","embeddable":true,"href":"https:\/\/www.alberdania.net\/eu\/wp-json\/wp\/v2\/tax-colections?post=3466"},{"taxonomy":"tax-langs","embeddable":true,"href":"https:\/\/www.alberdania.net\/eu\/wp-json\/wp\/v2\/tax-langs?post=3466"},{"taxonomy":"tax-encuadernacion","embeddable":true,"href":"https:\/\/www.alberdania.net\/eu\/wp-json\/wp\/v2\/tax-encuadernacion?post=3466"},{"taxonomy":"tax-availability","embeddable":true,"href":"https:\/\/www.alberdania.net\/eu\/wp-json\/wp\/v2\/tax-availability?post=3466"}],"curies":[{"name":"wp","href":"https:\/\/api.w.org\/{rel}","templated":true}]}}