{"id":3539,"date":"2023-10-17T14:10:32","date_gmt":"2023-10-17T14:10:32","guid":{"rendered":"https:\/\/berria.alberdania.net\/product\/emboscaduras-y-resistencias\/"},"modified":"2026-04-21T03:10:57","modified_gmt":"2026-04-21T01:10:57","slug":"emboscaduras-y-resistencias","status":"publish","type":"product","link":"https:\/\/www.alberdania.net\/eu\/product\/emboscaduras-y-resistencias\/","title":{"rendered":"Emboscaduras y resistencias"},"content":{"rendered":"","protected":false},"excerpt":{"rendered":"<p>\u00abSolsticio, cielos rosas, anaranjados, azules intensos, nieblas&#8230; Climatolog\u00eda variable la tuya, la exterior y la interior, con ella te toca convivir, lo haces como puedes, pero no lo dejes, no te abandones, acu\u00e9rdate de que lo tuyo es caminar a pesar de los pesares, por su causa tal vez.\u00bb<br \/>\n\t\u00abEst\u00e1s equivocado, se trata de ser optimista por encima de la desolaci\u00f3n y las contrariedades, y m\u00e1s que optimista, esperanzado.\u00bb<br \/>\n\t\u00abNo puedes cercenarte la elemental alegr\u00eda, esa del vagabundear por el espacio que te es propio. No puedes ponerles a los tuyos cara de perro, ni feroz ni apaleado\u0085 y me importa un carajo si de esto se r\u00eden las fieras, eso ya no cuenta, cuenta el no emporcar el trozo de bosque que est\u00e1s ocupando mientras est\u00e1s con vida\u00bb.<\/p>\n","protected":false},"featured_media":4094,"template":"","meta":{"_acf_changed":false,"inline_featured_image":false},"product_brand":[],"product_cat":[15],"product_tag":[],"tax-colections":[126,59],"tax-langs":[83],"tax-encuadernacion":[],"tax-availability":[97],"class_list":{"0":"post-3539","1":"product","2":"type-product","3":"status-publish","4":"has-post-thumbnail","6":"product_cat-sin-categoria","7":"pa_tipo-de-libro-papel","8":"pa_tipo-de-libro-ebook","9":"tax-colections-alga","10":"tax-colections-literatura-para-adultos","11":"tax-langs-castellano","12":"tax-availability-disponible","14":"first","15":"instock","16":"shipping-taxable","17":"purchasable","18":"product-type-variable"},"acf":{"id_gesedi":808,"book_subtitle":"","book_author":59,"book_translator":"","book_illustrator":"","book_publish_date_book":"2022-02-11","book_publish_date_ebook":"2022-02-09","book_publish_date_audiobook":null,"book_collection_number":71,"book_pages":0,"book_file":"","book_img":"","books_related":null},"_links":{"self":[{"href":"https:\/\/www.alberdania.net\/eu\/wp-json\/wp\/v2\/product\/3539","targetHints":{"allow":["GET"]}}],"collection":[{"href":"https:\/\/www.alberdania.net\/eu\/wp-json\/wp\/v2\/product"}],"about":[{"href":"https:\/\/www.alberdania.net\/eu\/wp-json\/wp\/v2\/types\/product"}],"wp:featuredmedia":[{"embeddable":true,"href":"https:\/\/www.alberdania.net\/eu\/wp-json\/wp\/v2\/media\/4094"}],"wp:attachment":[{"href":"https:\/\/www.alberdania.net\/eu\/wp-json\/wp\/v2\/media?parent=3539"}],"wp:term":[{"taxonomy":"product_brand","embeddable":true,"href":"https:\/\/www.alberdania.net\/eu\/wp-json\/wp\/v2\/product_brand?post=3539"},{"taxonomy":"product_cat","embeddable":true,"href":"https:\/\/www.alberdania.net\/eu\/wp-json\/wp\/v2\/product_cat?post=3539"},{"taxonomy":"product_tag","embeddable":true,"href":"https:\/\/www.alberdania.net\/eu\/wp-json\/wp\/v2\/product_tag?post=3539"},{"taxonomy":"tax-colections","embeddable":true,"href":"https:\/\/www.alberdania.net\/eu\/wp-json\/wp\/v2\/tax-colections?post=3539"},{"taxonomy":"tax-langs","embeddable":true,"href":"https:\/\/www.alberdania.net\/eu\/wp-json\/wp\/v2\/tax-langs?post=3539"},{"taxonomy":"tax-encuadernacion","embeddable":true,"href":"https:\/\/www.alberdania.net\/eu\/wp-json\/wp\/v2\/tax-encuadernacion?post=3539"},{"taxonomy":"tax-availability","embeddable":true,"href":"https:\/\/www.alberdania.net\/eu\/wp-json\/wp\/v2\/tax-availability?post=3539"}],"curies":[{"name":"wp","href":"https:\/\/api.w.org\/{rel}","templated":true}]}}