{"id":3544,"date":"2023-10-17T14:10:59","date_gmt":"2023-10-17T14:10:59","guid":{"rendered":"https:\/\/berria.alberdania.net\/product\/matar-amar\/"},"modified":"2026-05-15T03:11:31","modified_gmt":"2026-05-15T01:11:31","slug":"matar-amar","status":"publish","type":"product","link":"https:\/\/www.alberdania.net\/eu\/product\/matar-amar\/","title":{"rendered":"Matar, amar"},"content":{"rendered":"<p><iframe loading=\"lazy\" title=\"&quot;Matar, amar&quot; - Emiliio Alfaro\" width=\"640\" height=\"360\" src=\"https:\/\/www.youtube.com\/embed\/Zr1nuph9fCc?feature=oembed\" frameborder=\"0\" allow=\"accelerometer; autoplay; clipboard-write; encrypted-media; gyroscope; picture-in-picture; web-share\" referrerpolicy=\"strict-origin-when-cross-origin\" allowfullscreen><\/iframe><\/p>\n<p><iframe loading=\"lazy\" title=\"Presentaci\u00f3n en Vitoria-Gasteiz de la novela &quot;Matar, amar&quot; de Emilio Alfaro\" width=\"640\" height=\"360\" src=\"https:\/\/www.youtube.com\/embed\/EZy72NjKqAM?feature=oembed\" frameborder=\"0\" allow=\"accelerometer; autoplay; clipboard-write; encrypted-media; gyroscope; picture-in-picture; web-share\" referrerpolicy=\"strict-origin-when-cross-origin\" allowfullscreen><\/iframe><\/p>\n<p><iframe loading=\"lazy\" title=\"Presentaci\u00f3n de libro. &quot;Matar, amar&quot;\" width=\"640\" height=\"360\" src=\"https:\/\/www.youtube.com\/embed\/L3hVRuY_veM?feature=oembed\" frameborder=\"0\" allow=\"accelerometer; autoplay; clipboard-write; encrypted-media; gyroscope; picture-in-picture; web-share\" referrerpolicy=\"strict-origin-when-cross-origin\" allowfullscreen><\/iframe><\/p>\n<p><iframe loading=\"lazy\" title=\"EMILIO ALFARO \/ EVA DOMAICA \/ PEDRO UGARTE\" width=\"640\" height=\"360\" src=\"https:\/\/www.youtube.com\/embed\/t5jFs9CuBdU?feature=oembed\" frameborder=\"0\" allow=\"accelerometer; autoplay; clipboard-write; encrypted-media; gyroscope; picture-in-picture; web-share\" referrerpolicy=\"strict-origin-when-cross-origin\" allowfullscreen><\/iframe><\/p>\n","protected":false},"excerpt":{"rendered":"<p>La violencia y el destino atrapan a los dos personajes centrales de esta novela. Luke, militante de la Organizaci\u00f3n, particip\u00f3 en el asesinato de un joven teniente de la Guardia Civil cuya autor\u00eda qued\u00f3 oculta. Atormentado por ese recuerdo y la culpa, y una vez cumplida la condena impuesta por otros atentados, toma la decisi\u00f3n de confesar su crimen a la viuda del agente, Marisol, expresarle su arrepentimiento y rogar que le perdone, consciente de que ello supone poner en sus manos la posibilidad de volver a enterrar su vida en la c\u00e1rcel. Pero el encuentro de ambos quebrar\u00e1 de forma inesperada las expectativas de Luke: mudo y deslumbrado ante Marisol, se ve incapaz de llevar a cabo su prop\u00f3sito de confesarle que hab\u00eda sido uno de los asesinos de su marido. La mutua atracci\u00f3n que ambos experimentan abre paso a un inesperado fogonazo amoroso. Juntos experimentar\u00e1n algo parecido a la felicidad. Luke llega a convencerse de que su entregada dedicaci\u00f3n a Marisol y al hijo de su v\u00edctima podr\u00eda redimirlo de su crimen. No obstante, el remordimiento, unido a la carga de verse obligado a ocultar su pasado, sumen a Luke en una crisis que deteriorar\u00e1 de manera irreversible su relaci\u00f3n. Incapaz de concebir su futuro sin Marisol y de vivir al mismo tiempo con el recuerdo de lo que hizo, Luke siente que la vida parece desentenderse de \u00e9l, y que sus opciones se reducen quiz\u00e1s a una sola\u0085<\/p>\n","protected":false},"featured_media":4090,"template":"","meta":{"_acf_changed":false,"inline_featured_image":false},"product_brand":[],"product_cat":[15],"product_tag":[],"tax-colections":[59,128],"tax-langs":[83],"tax-encuadernacion":[],"tax-availability":[97],"class_list":{"0":"post-3544","1":"product","2":"type-product","3":"status-publish","4":"has-post-thumbnail","6":"product_cat-sin-categoria","7":"pa_tipo-de-libro-papel","8":"pa_tipo-de-libro-ebook","9":"tax-colections-literatura-para-adultos","10":"tax-colections-astiro","11":"tax-langs-castellano","12":"tax-availability-disponible","14":"first","15":"instock","16":"shipping-taxable","17":"purchasable","18":"product-type-variable"},"acf":{"id_gesedi":812,"book_subtitle":"","book_author":82,"book_translator":"","book_illustrator":"","book_publish_date_book":"2022-08-31","book_publish_date_ebook":"2022-08-31","book_publish_date_audiobook":null,"book_collection_number":60,"book_pages":334,"book_file":"","book_img":"","books_related":""},"_links":{"self":[{"href":"https:\/\/www.alberdania.net\/eu\/wp-json\/wp\/v2\/product\/3544","targetHints":{"allow":["GET"]}}],"collection":[{"href":"https:\/\/www.alberdania.net\/eu\/wp-json\/wp\/v2\/product"}],"about":[{"href":"https:\/\/www.alberdania.net\/eu\/wp-json\/wp\/v2\/types\/product"}],"wp:featuredmedia":[{"embeddable":true,"href":"https:\/\/www.alberdania.net\/eu\/wp-json\/wp\/v2\/media\/4090"}],"wp:attachment":[{"href":"https:\/\/www.alberdania.net\/eu\/wp-json\/wp\/v2\/media?parent=3544"}],"wp:term":[{"taxonomy":"product_brand","embeddable":true,"href":"https:\/\/www.alberdania.net\/eu\/wp-json\/wp\/v2\/product_brand?post=3544"},{"taxonomy":"product_cat","embeddable":true,"href":"https:\/\/www.alberdania.net\/eu\/wp-json\/wp\/v2\/product_cat?post=3544"},{"taxonomy":"product_tag","embeddable":true,"href":"https:\/\/www.alberdania.net\/eu\/wp-json\/wp\/v2\/product_tag?post=3544"},{"taxonomy":"tax-colections","embeddable":true,"href":"https:\/\/www.alberdania.net\/eu\/wp-json\/wp\/v2\/tax-colections?post=3544"},{"taxonomy":"tax-langs","embeddable":true,"href":"https:\/\/www.alberdania.net\/eu\/wp-json\/wp\/v2\/tax-langs?post=3544"},{"taxonomy":"tax-encuadernacion","embeddable":true,"href":"https:\/\/www.alberdania.net\/eu\/wp-json\/wp\/v2\/tax-encuadernacion?post=3544"},{"taxonomy":"tax-availability","embeddable":true,"href":"https:\/\/www.alberdania.net\/eu\/wp-json\/wp\/v2\/tax-availability?post=3544"}],"curies":[{"name":"wp","href":"https:\/\/api.w.org\/{rel}","templated":true}]}}