{"id":3632,"date":"2023-10-17T14:18:04","date_gmt":"2023-10-17T14:18:04","guid":{"rendered":"https:\/\/berria.alberdania.net\/product\/la-vida-es-un-tango-gari\/"},"modified":"2026-04-14T03:21:38","modified_gmt":"2026-04-14T01:21:38","slug":"la-vida-es-un-tango-gari","status":"publish","type":"product","link":"https:\/\/www.alberdania.net\/eu\/product\/la-vida-es-un-tango-gari\/","title":{"rendered":"La vida es un tango, Gari"},"content":{"rendered":"<p><iframe loading=\"lazy\" title=\"&quot;LA VIDA ES UN TANGO, GARI&quot; (URKO MANTZIZIDOR)\" width=\"640\" height=\"360\" src=\"https:\/\/www.youtube.com\/embed\/bbLICW5klxs?feature=oembed\" frameborder=\"0\" allow=\"accelerometer; autoplay; clipboard-write; encrypted-media; gyroscope; picture-in-picture; web-share\" referrerpolicy=\"strict-origin-when-cross-origin\" allowfullscreen><\/iframe><\/p>\n<p>&nbsp;<\/p>\n","protected":false},"excerpt":{"rendered":"<p>\u00bfPuede una persona normal convertirse en traficante de drogas si se le presenta la oportunidad para ello? Gari e Irati, una pareja de vida convencional, se ver\u00e1n arrastrados o una vor\u00e1gine de mentiras y violencia por el ego\u00edsmo y avaricia que anidan en el esp\u00edritu de \u00e9l.<br \/>\n\tGari, triatleta amateur, encuentra un fardo de coca\u00edna mientras nada por la r\u00eda de Urdaibai. Su opci\u00f3n es clara: asociado con su cu\u00f1ado Unai, un camello de poca monta, tratar\u00e1 de vender la droga, desencadenando, de esa manera, una serie de acontecimientos que involucran o traficantes de distinto nivel, polic\u00edas corruptos, adictos, jueces e incluso o su propia familia.<br \/>\n\tLa novela relata el descenso a los infiernos de Gari, quien renuncia voluntariamente a una vida que se ven\u00eda desarrollando en los est\u00e1ndares convencionales, hasta el punto de verse arrastrado por la espiral de violencia que \u00e9l mismo ha desencadenado y de la que es incapaz de zafarse. Su intenci\u00f3n de vender la coca\u00edna choca frontalmente con los intereses de Corso, l\u00edder de la mayor banda narcotraficantes de Bizkaia y propietario del fardo, quien no reparar\u00e1 en medios ni m\u00e9todos para eliminar la amenaza que Gari y sus socios suponen para su negocio\u0085<br \/>\n\tEl curso de los acontecimientos y el doloroso desenga\u00f1o respecto o la actitud y valores de Gari provocar\u00e1n una profunda transformaci\u00f3n en Irati, quien jugar\u00e1 un papel clave en el desenlace de la trama.<\/p>\n","protected":false},"featured_media":5158,"template":"","meta":{"_acf_changed":false,"inline_featured_image":false},"product_brand":[],"product_cat":[15],"product_tag":[],"tax-colections":[59,128],"tax-langs":[83],"tax-encuadernacion":[92],"tax-availability":[97],"class_list":{"0":"post-3632","1":"product","2":"type-product","3":"status-publish","4":"has-post-thumbnail","6":"product_cat-sin-categoria","7":"pa_tipo-de-libro-ebook","8":"pa_tipo-de-libro-papel","9":"tax-colections-literatura-para-adultos","10":"tax-colections-astiro","11":"tax-langs-castellano","12":"tax-encuadernacion-tapa-blanda","13":"tax-availability-disponible","15":"first","16":"instock","17":"shipping-taxable","18":"purchasable","19":"product-type-variable"},"acf":{"id_gesedi":869,"book_subtitle":"","book_author":114,"book_translator":"","book_illustrator":"","book_publish_date_book":"2023-04-25","book_publish_date_ebook":"2023-04-25","book_publish_date_audiobook":null,"book_collection_number":63,"book_pages":416,"book_file":"","book_img":"","books_related":[7156]},"_links":{"self":[{"href":"https:\/\/www.alberdania.net\/eu\/wp-json\/wp\/v2\/product\/3632","targetHints":{"allow":["GET"]}}],"collection":[{"href":"https:\/\/www.alberdania.net\/eu\/wp-json\/wp\/v2\/product"}],"about":[{"href":"https:\/\/www.alberdania.net\/eu\/wp-json\/wp\/v2\/types\/product"}],"acf:post":[{"embeddable":true,"href":"https:\/\/www.alberdania.net\/eu\/wp-json\/wp\/v2\/product\/7156"}],"wp:featuredmedia":[{"embeddable":true,"href":"https:\/\/www.alberdania.net\/eu\/wp-json\/wp\/v2\/media\/5158"}],"wp:attachment":[{"href":"https:\/\/www.alberdania.net\/eu\/wp-json\/wp\/v2\/media?parent=3632"}],"wp:term":[{"taxonomy":"product_brand","embeddable":true,"href":"https:\/\/www.alberdania.net\/eu\/wp-json\/wp\/v2\/product_brand?post=3632"},{"taxonomy":"product_cat","embeddable":true,"href":"https:\/\/www.alberdania.net\/eu\/wp-json\/wp\/v2\/product_cat?post=3632"},{"taxonomy":"product_tag","embeddable":true,"href":"https:\/\/www.alberdania.net\/eu\/wp-json\/wp\/v2\/product_tag?post=3632"},{"taxonomy":"tax-colections","embeddable":true,"href":"https:\/\/www.alberdania.net\/eu\/wp-json\/wp\/v2\/tax-colections?post=3632"},{"taxonomy":"tax-langs","embeddable":true,"href":"https:\/\/www.alberdania.net\/eu\/wp-json\/wp\/v2\/tax-langs?post=3632"},{"taxonomy":"tax-encuadernacion","embeddable":true,"href":"https:\/\/www.alberdania.net\/eu\/wp-json\/wp\/v2\/tax-encuadernacion?post=3632"},{"taxonomy":"tax-availability","embeddable":true,"href":"https:\/\/www.alberdania.net\/eu\/wp-json\/wp\/v2\/tax-availability?post=3632"}],"curies":[{"name":"wp","href":"https:\/\/api.w.org\/{rel}","templated":true}]}}