{"id":3648,"date":"2023-10-17T14:19:32","date_gmt":"2023-10-17T14:19:32","guid":{"rendered":"https:\/\/berria.alberdania.net\/product\/nada-que-declarar\/"},"modified":"2026-04-14T03:25:42","modified_gmt":"2026-04-14T01:25:42","slug":"nada-que-declarar","status":"publish","type":"product","link":"https:\/\/www.alberdania.net\/eu\/product\/nada-que-declarar\/","title":{"rendered":"Nada que declarar"},"content":{"rendered":"","protected":false},"excerpt":{"rendered":"<p>A trav\u00e9s de dos planos temporales, un presente ubicado en la primera d\u00e9cada del siglo XXI, y unas regresiones a los 90 del siglo anterior, conoceremos al personaje principal, bibliotecario treinta\u00f1ero afincado en San Sebasti\u00e1n, que tiene a su joven pareja en Madrid cursando un pomposo m\u00e1ster en arte contempor\u00e1neo, una amante que trabaja en una tienda de perfumes, un padre enfermo y un grupo de amigos de juventud con los que la distancia se acrecuienta de d\u00eda en d\u00eda.<br \/>\n\tUn personaje desencantado con la realidad social y pol\u00edtica del Pa\u00eds Vasco, con aquello que<br \/>\n\tse denomina \u00abizquierda independentista\u00bb, cuyas luchas, ideas, relaciones afectivas fueron un d\u00eda las suyas, pero que hace tiempo dejaron de serlo.<br \/>\n\tCon un tono descarnado, ir\u00f3nico, sarc\u00e1stico por momentos, la novela despliega una amplia<br \/>\n\tgama de temas, pero nos sirve tambi\u00e9n para entender mejor lo que nos ha sucedido recientemente, sin ir m\u00e1s lejos el conflicto vasco, desde dentro, de la mano de alguien que lo aliment\u00f3, padeci\u00f3 y que acab\u00f3 renegando de \u00e9l.<\/p>\n","protected":false},"featured_media":4006,"template":"","meta":{"_acf_changed":false,"inline_featured_image":false},"product_brand":[],"product_cat":[15],"product_tag":[],"tax-colections":[59,128],"tax-langs":[83],"tax-encuadernacion":[92],"tax-availability":[97],"class_list":{"0":"post-3648","1":"product","2":"type-product","3":"status-publish","4":"has-post-thumbnail","6":"product_cat-sin-categoria","7":"pa_tipo-de-libro-ebook","8":"pa_tipo-de-libro-papel","9":"tax-colections-literatura-para-adultos","10":"tax-colections-astiro","11":"tax-langs-castellano","12":"tax-encuadernacion-tapa-blanda","13":"tax-availability-disponible","15":"first","16":"instock","17":"shipping-taxable","18":"purchasable","19":"product-type-variable"},"acf":{"id_gesedi":883,"book_subtitle":"","book_author":275,"book_translator":276,"book_illustrator":"","book_publish_date_book":"2023-08-30","book_publish_date_ebook":"2023-10-01","book_publish_date_audiobook":null,"book_collection_number":68,"book_pages":300,"book_file":"","book_img":"","books_related":""},"_links":{"self":[{"href":"https:\/\/www.alberdania.net\/eu\/wp-json\/wp\/v2\/product\/3648","targetHints":{"allow":["GET"]}}],"collection":[{"href":"https:\/\/www.alberdania.net\/eu\/wp-json\/wp\/v2\/product"}],"about":[{"href":"https:\/\/www.alberdania.net\/eu\/wp-json\/wp\/v2\/types\/product"}],"wp:featuredmedia":[{"embeddable":true,"href":"https:\/\/www.alberdania.net\/eu\/wp-json\/wp\/v2\/media\/4006"}],"wp:attachment":[{"href":"https:\/\/www.alberdania.net\/eu\/wp-json\/wp\/v2\/media?parent=3648"}],"wp:term":[{"taxonomy":"product_brand","embeddable":true,"href":"https:\/\/www.alberdania.net\/eu\/wp-json\/wp\/v2\/product_brand?post=3648"},{"taxonomy":"product_cat","embeddable":true,"href":"https:\/\/www.alberdania.net\/eu\/wp-json\/wp\/v2\/product_cat?post=3648"},{"taxonomy":"product_tag","embeddable":true,"href":"https:\/\/www.alberdania.net\/eu\/wp-json\/wp\/v2\/product_tag?post=3648"},{"taxonomy":"tax-colections","embeddable":true,"href":"https:\/\/www.alberdania.net\/eu\/wp-json\/wp\/v2\/tax-colections?post=3648"},{"taxonomy":"tax-langs","embeddable":true,"href":"https:\/\/www.alberdania.net\/eu\/wp-json\/wp\/v2\/tax-langs?post=3648"},{"taxonomy":"tax-encuadernacion","embeddable":true,"href":"https:\/\/www.alberdania.net\/eu\/wp-json\/wp\/v2\/tax-encuadernacion?post=3648"},{"taxonomy":"tax-availability","embeddable":true,"href":"https:\/\/www.alberdania.net\/eu\/wp-json\/wp\/v2\/tax-availability?post=3648"}],"curies":[{"name":"wp","href":"https:\/\/api.w.org\/{rel}","templated":true}]}}