{"id":3665,"date":"2023-10-17T15:56:50","date_gmt":"2023-10-17T15:56:50","guid":{"rendered":"https:\/\/berria.alberdania.net\/product\/cronica-errante-y-una-miscelanea\/"},"modified":"2026-04-14T01:21:53","modified_gmt":"2026-04-13T23:21:53","slug":"cronica-errante-y-una-miscelanea","status":"publish","type":"product","link":"https:\/\/www.alberdania.net\/eu\/product\/cronica-errante-y-una-miscelanea\/","title":{"rendered":"Cr\u00f3nica errante y una miscel\u00e1nea"},"content":{"rendered":"","protected":false},"excerpt":{"rendered":"<p>El esp\u00edritu vitalista y curioso del artista contempla un periplo vital rico y apasionadamente creativo, y dialoga con las figuras y seres queridos que poblaron su pasado; charla con el joven Oteiza, al que conoci\u00f3n en Sudam\u00e9rica; emplaza a artistas muertos hace siglos. Observa, en definita, con cari\u00f1o (y tambi\u00e9n con rabia, cuando las circunstancias lo exigen), los hitos \u00edntimos de una vida plena.<\/p>\n<p>\tEl libro incorpora m\u00e1s de 40 ilustraciones originales del artista.<\/p>\n","protected":false},"featured_media":4000,"template":"","meta":{"_acf_changed":false,"inline_featured_image":false},"product_brand":[],"product_cat":[15],"product_tag":[],"tax-colections":[59,137],"tax-langs":[83],"tax-encuadernacion":[92],"tax-availability":[97],"class_list":{"0":"post-3665","1":"product","2":"type-product","3":"status-publish","4":"has-post-thumbnail","6":"product_cat-sin-categoria","7":"pa_tipo-de-libro-papel","8":"tax-colections-literatura-para-adultos","9":"tax-colections-arte-liburuak","10":"tax-langs-castellano","11":"tax-encuadernacion-tapa-blanda","12":"tax-availability-disponible","14":"first","15":"instock","16":"shipping-taxable","17":"purchasable","18":"product-type-variable"},"acf":{"id_gesedi":160,"book_subtitle":"","book_author":"","book_translator":"","book_illustrator":"","book_publish_date_book":"2006-12-01","book_publish_date_ebook":null,"book_publish_date_audiobook":null,"book_collection_number":0,"book_pages":240,"book_file":"","book_img":"","books_related":null},"_links":{"self":[{"href":"https:\/\/www.alberdania.net\/eu\/wp-json\/wp\/v2\/product\/3665","targetHints":{"allow":["GET"]}}],"collection":[{"href":"https:\/\/www.alberdania.net\/eu\/wp-json\/wp\/v2\/product"}],"about":[{"href":"https:\/\/www.alberdania.net\/eu\/wp-json\/wp\/v2\/types\/product"}],"wp:featuredmedia":[{"embeddable":true,"href":"https:\/\/www.alberdania.net\/eu\/wp-json\/wp\/v2\/media\/4000"}],"wp:attachment":[{"href":"https:\/\/www.alberdania.net\/eu\/wp-json\/wp\/v2\/media?parent=3665"}],"wp:term":[{"taxonomy":"product_brand","embeddable":true,"href":"https:\/\/www.alberdania.net\/eu\/wp-json\/wp\/v2\/product_brand?post=3665"},{"taxonomy":"product_cat","embeddable":true,"href":"https:\/\/www.alberdania.net\/eu\/wp-json\/wp\/v2\/product_cat?post=3665"},{"taxonomy":"product_tag","embeddable":true,"href":"https:\/\/www.alberdania.net\/eu\/wp-json\/wp\/v2\/product_tag?post=3665"},{"taxonomy":"tax-colections","embeddable":true,"href":"https:\/\/www.alberdania.net\/eu\/wp-json\/wp\/v2\/tax-colections?post=3665"},{"taxonomy":"tax-langs","embeddable":true,"href":"https:\/\/www.alberdania.net\/eu\/wp-json\/wp\/v2\/tax-langs?post=3665"},{"taxonomy":"tax-encuadernacion","embeddable":true,"href":"https:\/\/www.alberdania.net\/eu\/wp-json\/wp\/v2\/tax-encuadernacion?post=3665"},{"taxonomy":"tax-availability","embeddable":true,"href":"https:\/\/www.alberdania.net\/eu\/wp-json\/wp\/v2\/tax-availability?post=3665"}],"curies":[{"name":"wp","href":"https:\/\/api.w.org\/{rel}","templated":true}]}}