{"id":3696,"date":"2023-10-17T16:05:45","date_gmt":"2023-10-17T16:05:45","guid":{"rendered":"https:\/\/berria.alberdania.net\/product\/andromeda-encadenada\/"},"modified":"2026-04-21T01:46:04","modified_gmt":"2026-04-20T23:46:04","slug":"andromeda-encadenada","status":"publish","type":"product","link":"https:\/\/www.alberdania.net\/eu\/product\/andromeda-encadenada\/","title":{"rendered":"Andr\u00f3meda encadenada"},"content":{"rendered":"","protected":false},"excerpt":{"rendered":"<p>\u00bfQu\u00e9 habita en las almas de las mujeres que entregaron su vida a una causa? \u00bfCu\u00e1l es<br \/>\n\tla estela de Artemisia Gentileschi, Irena Sendler o Carolina Coronado?<br \/>\n\tF\u00e1tima Frutos exhuma verso a verso a estas y a otras mujeres, reales y ficticias, que<br \/>\n\thicieron de la lucha por la dignidad el sentido de su existencia, y, al hacerlo, se busca a s\u00ed misma<br \/>\n\ten todas ellas. De igual manera se interroga sobre c\u00f3mo sortear al Espacio y al Tiempo en el<br \/>\n\trecorrido hacia el Amor o cu\u00e1les son las leyes de la F\u00edsica que contribuyen a que memoricemos<br \/>\n\tlas experiencias er\u00f3ticas. En las estrofas de Andr\u00f3meda encadenada se esconden los secretos<br \/>\n\tcon los que la Naturaleza se hace presente en el deseo de uni\u00f3n de dos cuerpos. Finalmente, la<br \/>\n\tautora se pregunta qu\u00e9 parte de la eternidad somos y de qu\u00e9 modo accedemos a ella, e intenta<br \/>\n\tencontrar una respuesta de la mano de los grandes maestros de la l\u00edrica germ\u00e1nica, como<br \/>\n\tNovalis o Holderlin. Y siguiendo al gran f\u00edsico y fil\u00f3sofo Carl Friedrich von Weizsacker, que le<br \/>\n\tsirve de gu\u00eda desde el m\u00e1s all\u00e1, nos adentra en una concepci\u00f3n personal de un Universo infinito<br \/>\n\tpero acogedor. El objetivo \u00faltimo de todo ello es trazar<\/p>\n","protected":false},"featured_media":3992,"template":"","meta":{"_acf_changed":false,"inline_featured_image":false},"product_brand":[],"product_cat":[15],"product_tag":[],"tax-colections":[59,128],"tax-langs":[83],"tax-encuadernacion":[],"tax-availability":[97],"class_list":{"0":"post-3696","1":"product","2":"type-product","3":"status-publish","4":"has-post-thumbnail","6":"product_cat-sin-categoria","7":"pa_tipo-de-libro-ebook","8":"pa_tipo-de-libro-papel","9":"tax-colections-literatura-para-adultos","10":"tax-colections-astiro","11":"tax-langs-castellano","12":"tax-availability-disponible","14":"first","15":"instock","16":"shipping-taxable","17":"purchasable","18":"product-type-variable"},"acf":{"id_gesedi":279,"book_subtitle":"","book_author":123,"book_translator":"","book_illustrator":"","book_publish_date_book":"2021-06-11","book_publish_date_ebook":"2021-06-30","book_publish_date_audiobook":null,"book_collection_number":33,"book_pages":0,"book_file":"","book_img":"","books_related":null},"_links":{"self":[{"href":"https:\/\/www.alberdania.net\/eu\/wp-json\/wp\/v2\/product\/3696","targetHints":{"allow":["GET"]}}],"collection":[{"href":"https:\/\/www.alberdania.net\/eu\/wp-json\/wp\/v2\/product"}],"about":[{"href":"https:\/\/www.alberdania.net\/eu\/wp-json\/wp\/v2\/types\/product"}],"wp:featuredmedia":[{"embeddable":true,"href":"https:\/\/www.alberdania.net\/eu\/wp-json\/wp\/v2\/media\/3992"}],"wp:attachment":[{"href":"https:\/\/www.alberdania.net\/eu\/wp-json\/wp\/v2\/media?parent=3696"}],"wp:term":[{"taxonomy":"product_brand","embeddable":true,"href":"https:\/\/www.alberdania.net\/eu\/wp-json\/wp\/v2\/product_brand?post=3696"},{"taxonomy":"product_cat","embeddable":true,"href":"https:\/\/www.alberdania.net\/eu\/wp-json\/wp\/v2\/product_cat?post=3696"},{"taxonomy":"product_tag","embeddable":true,"href":"https:\/\/www.alberdania.net\/eu\/wp-json\/wp\/v2\/product_tag?post=3696"},{"taxonomy":"tax-colections","embeddable":true,"href":"https:\/\/www.alberdania.net\/eu\/wp-json\/wp\/v2\/tax-colections?post=3696"},{"taxonomy":"tax-langs","embeddable":true,"href":"https:\/\/www.alberdania.net\/eu\/wp-json\/wp\/v2\/tax-langs?post=3696"},{"taxonomy":"tax-encuadernacion","embeddable":true,"href":"https:\/\/www.alberdania.net\/eu\/wp-json\/wp\/v2\/tax-encuadernacion?post=3696"},{"taxonomy":"tax-availability","embeddable":true,"href":"https:\/\/www.alberdania.net\/eu\/wp-json\/wp\/v2\/tax-availability?post=3696"}],"curies":[{"name":"wp","href":"https:\/\/api.w.org\/{rel}","templated":true}]}}