{"id":3708,"date":"2023-10-17T16:06:21","date_gmt":"2023-10-17T16:06:21","guid":{"rendered":"https:\/\/berria.alberdania.net\/product\/en-busca-de-la-salud-perdida\/"},"modified":"2026-04-14T01:46:48","modified_gmt":"2026-04-13T23:46:48","slug":"en-busca-de-la-salud-perdida","status":"publish","type":"product","link":"https:\/\/www.alberdania.net\/eu\/product\/en-busca-de-la-salud-perdida\/","title":{"rendered":"En busca de la salud perdida"},"content":{"rendered":"","protected":false},"excerpt":{"rendered":"<p>El doctor S\u00e1nchez Vallejo, m\u00e9dico psiquiatra, aborda a fondo en esta obra el problema de la salud, pero no desde una \u00f3ptica m\u00e9dica o cient\u00edfica, sino m\u00e1s bien desde su dimensi\u00f3n existencial; es decir, como la aspiraci\u00f3n necesariamente m\u00e1s importante del ser humano en su recorrido vital.<\/p>\n<p>\tPero el individuo de nuestro tiempo desgraciadamente, lejos de entenderlo as\u00ed, se limita a \u0093entregar\u0094 su salud a manos ajenas (m\u00e9dicos, f\u00e1rmacos y \u0093aparatos\u0094), en lugar de procurarse para s\u00ed mismo ese envidiable estado de bienestar f\u00edsico, ps\u00edquico y ambiental que la Organizaci\u00f3n Mundial de la Salud define, precisamente, como salud.<\/p>\n<p>\tCabr\u00eda incluso afirmar que el hombre contempor\u00e1neo desconf\u00eda de su capacidad para mantenerse sano, y prefiere dejarse seducir por el f\u00e1rmaco.<\/p>\n<p>\tEsta peculiar filosof\u00eda sobre lo que es y representa la salud desemboca inevitablemente en un sistema sanitario p\u00fablico sujeto a una demanda sin l\u00edmites y a medio plazo inviable y econ\u00f3micamente insostenible.<\/p>\n<p>\tEsta obra, escrita en un asequible lenguaje exento de farragosos tecnicismos, est\u00e1 dirigida no \u00fanicamente a los profesionales de la salud, sino, y muy especialmente, a todas aquellas personas que preferir\u00edan tomar en sus manos las riendas de su propia salud para, as\u00ed, conducir mejor su vida.<\/p>\n","protected":false},"featured_media":3986,"template":"","meta":{"_acf_changed":false,"inline_featured_image":false},"product_brand":[],"product_cat":[15],"product_tag":[],"tax-colections":[126,59],"tax-langs":[83],"tax-encuadernacion":[105],"tax-availability":[97],"class_list":{"0":"post-3708","1":"product","2":"type-product","3":"status-publish","4":"has-post-thumbnail","6":"product_cat-sin-categoria","7":"pa_tipo-de-libro-ebook","8":"pa_tipo-de-libro-papel","9":"tax-colections-alga","10":"tax-colections-literatura-para-adultos","11":"tax-langs-castellano","12":"tax-encuadernacion-bolsillo-tapa-blanda","13":"tax-availability-disponible","15":"first","16":"instock","17":"shipping-taxable","18":"purchasable","19":"product-type-variable"},"acf":{"id_gesedi":286,"book_subtitle":"la deshumanizaci\u00f3n de la medicina actual","book_author":267,"book_translator":"","book_illustrator":"","book_publish_date_book":"2010-10-19","book_publish_date_ebook":"2010-10-19","book_publish_date_audiobook":null,"book_collection_number":60,"book_pages":0,"book_file":"","book_img":"","books_related":null},"_links":{"self":[{"href":"https:\/\/www.alberdania.net\/eu\/wp-json\/wp\/v2\/product\/3708","targetHints":{"allow":["GET"]}}],"collection":[{"href":"https:\/\/www.alberdania.net\/eu\/wp-json\/wp\/v2\/product"}],"about":[{"href":"https:\/\/www.alberdania.net\/eu\/wp-json\/wp\/v2\/types\/product"}],"wp:featuredmedia":[{"embeddable":true,"href":"https:\/\/www.alberdania.net\/eu\/wp-json\/wp\/v2\/media\/3986"}],"wp:attachment":[{"href":"https:\/\/www.alberdania.net\/eu\/wp-json\/wp\/v2\/media?parent=3708"}],"wp:term":[{"taxonomy":"product_brand","embeddable":true,"href":"https:\/\/www.alberdania.net\/eu\/wp-json\/wp\/v2\/product_brand?post=3708"},{"taxonomy":"product_cat","embeddable":true,"href":"https:\/\/www.alberdania.net\/eu\/wp-json\/wp\/v2\/product_cat?post=3708"},{"taxonomy":"product_tag","embeddable":true,"href":"https:\/\/www.alberdania.net\/eu\/wp-json\/wp\/v2\/product_tag?post=3708"},{"taxonomy":"tax-colections","embeddable":true,"href":"https:\/\/www.alberdania.net\/eu\/wp-json\/wp\/v2\/tax-colections?post=3708"},{"taxonomy":"tax-langs","embeddable":true,"href":"https:\/\/www.alberdania.net\/eu\/wp-json\/wp\/v2\/tax-langs?post=3708"},{"taxonomy":"tax-encuadernacion","embeddable":true,"href":"https:\/\/www.alberdania.net\/eu\/wp-json\/wp\/v2\/tax-encuadernacion?post=3708"},{"taxonomy":"tax-availability","embeddable":true,"href":"https:\/\/www.alberdania.net\/eu\/wp-json\/wp\/v2\/tax-availability?post=3708"}],"curies":[{"name":"wp","href":"https:\/\/api.w.org\/{rel}","templated":true}]}}