{"id":3717,"date":"2023-10-17T16:06:46","date_gmt":"2023-10-17T16:06:46","guid":{"rendered":"https:\/\/berria.alberdania.net\/product\/dos-palabras\/"},"modified":"2026-04-21T01:47:06","modified_gmt":"2026-04-20T23:47:06","slug":"dos-palabras","status":"publish","type":"product","link":"https:\/\/www.alberdania.net\/eu\/product\/dos-palabras\/","title":{"rendered":"Dos palabras"},"content":{"rendered":"","protected":false},"excerpt":{"rendered":"<p>La b\u00fasqueda del amor es una batalla m\u00e1s de la lucha por la vida. Tal vez la m\u00e1s encarnizada. Tal vez la decisiva.<\/p>\n<p>\tLa protagonista de esta narraci\u00f3n, una mujer acostumbrada a empu\u00f1ar las riendas de su vida ya desde los albores de su reci\u00e9n estrenada juventud, ha sido herida en esa batalla. Profundamente herida. Pero, lejos de amilanarse, realiza un radical esfuerzo de lucidez para sobreponerse a la tiran\u00eda de la obsesi\u00f3n, a la tentadora autocompasi\u00f3n, a la amenazadora melancol\u00eda.<\/p>\n<p>\tSe enfrenta, en definitiva, a un reto que probablemente la marcar\u00e1 de por vida: aprender a convivir con la tristeza sin quedar anulada por ella, sin renunciar a la vida. Como una moderna Sherezade, hablando al causante de sus sufrimiento se habla en realidad a s\u00ed misma; explic\u00e1ndose su dolor, logra conjurarlo.<\/p>\n<p>\tVive el sexo, una de las materias esenciales de su peripecia vital y de esta narraci\u00f3n, de manera radicalmente libre, hasta el punto de rondar, en ocasiones, la frontera del tab\u00fa. Pero, sobre todo, lo disfruta con una naturalidad digna de su temperamento de mujer emancipada y creativa.<\/p>\n<p>\tBerl\u00edn, Londres y Bilbao ponen el tel\u00f3n de fondo a una historia en la que muchos j\u00f3venes lectores y \u0096especialmente\u0096 lectoras, ver\u00e1n reflejados de manera fresca y directa algunos de sus m\u00e1s rec\u00f3nditos gozos y temores.<\/p>\n","protected":false},"featured_media":3980,"template":"","meta":{"_acf_changed":false,"inline_featured_image":false},"product_brand":[],"product_cat":[15],"product_tag":[],"tax-colections":[59,128],"tax-langs":[83],"tax-encuadernacion":[105],"tax-availability":[97],"class_list":{"0":"post-3717","1":"product","2":"type-product","3":"status-publish","4":"has-post-thumbnail","6":"product_cat-sin-categoria","7":"pa_tipo-de-libro-ebook","8":"pa_tipo-de-libro-papel","9":"tax-colections-literatura-para-adultos","10":"tax-colections-astiro","11":"tax-langs-castellano","12":"tax-encuadernacion-bolsillo-tapa-blanda","13":"tax-availability-disponible","15":"first","16":"instock","17":"shipping-taxable","18":"purchasable","19":"product-type-variable"},"acf":{"id_gesedi":289,"book_subtitle":"","book_author":39,"book_translator":311,"book_illustrator":"","book_publish_date_book":"2011-03-08","book_publish_date_ebook":"2011-03-08","book_publish_date_audiobook":null,"book_collection_number":29,"book_pages":0,"book_file":"","book_img":"","books_related":null},"_links":{"self":[{"href":"https:\/\/www.alberdania.net\/eu\/wp-json\/wp\/v2\/product\/3717","targetHints":{"allow":["GET"]}}],"collection":[{"href":"https:\/\/www.alberdania.net\/eu\/wp-json\/wp\/v2\/product"}],"about":[{"href":"https:\/\/www.alberdania.net\/eu\/wp-json\/wp\/v2\/types\/product"}],"wp:featuredmedia":[{"embeddable":true,"href":"https:\/\/www.alberdania.net\/eu\/wp-json\/wp\/v2\/media\/3980"}],"wp:attachment":[{"href":"https:\/\/www.alberdania.net\/eu\/wp-json\/wp\/v2\/media?parent=3717"}],"wp:term":[{"taxonomy":"product_brand","embeddable":true,"href":"https:\/\/www.alberdania.net\/eu\/wp-json\/wp\/v2\/product_brand?post=3717"},{"taxonomy":"product_cat","embeddable":true,"href":"https:\/\/www.alberdania.net\/eu\/wp-json\/wp\/v2\/product_cat?post=3717"},{"taxonomy":"product_tag","embeddable":true,"href":"https:\/\/www.alberdania.net\/eu\/wp-json\/wp\/v2\/product_tag?post=3717"},{"taxonomy":"tax-colections","embeddable":true,"href":"https:\/\/www.alberdania.net\/eu\/wp-json\/wp\/v2\/tax-colections?post=3717"},{"taxonomy":"tax-langs","embeddable":true,"href":"https:\/\/www.alberdania.net\/eu\/wp-json\/wp\/v2\/tax-langs?post=3717"},{"taxonomy":"tax-encuadernacion","embeddable":true,"href":"https:\/\/www.alberdania.net\/eu\/wp-json\/wp\/v2\/tax-encuadernacion?post=3717"},{"taxonomy":"tax-availability","embeddable":true,"href":"https:\/\/www.alberdania.net\/eu\/wp-json\/wp\/v2\/tax-availability?post=3717"}],"curies":[{"name":"wp","href":"https:\/\/api.w.org\/{rel}","templated":true}]}}