{"id":3758,"date":"2023-10-17T16:09:07","date_gmt":"2023-10-17T16:09:07","guid":{"rendered":"https:\/\/berria.alberdania.net\/product\/miradas-sobre-euskadi\/"},"modified":"2026-04-14T01:52:29","modified_gmt":"2026-04-13T23:52:29","slug":"miradas-sobre-euskadi","status":"publish","type":"product","link":"https:\/\/www.alberdania.net\/eu\/product\/miradas-sobre-euskadi\/","title":{"rendered":"Miradas sobre Euskadi"},"content":{"rendered":"","protected":false},"excerpt":{"rendered":"<p>El hilo conductor del libro es ofrecer al lector una serie de planteamientos que intentan dar respuesta a la situaci\u00f3n pol\u00edtica y social que se vive en Euskadi y que el lector no siempre encuentra en los medios de comunicaci\u00f3n, ni en la bibliograf\u00eda m\u00e1s conocida, porque, desgraciadamente, desde 1998 el \u00abtema vasco\u00bb ha sido objeto de una manipulaci\u00f3n informativa que esconde, a menudo, intereses electorales inconfesables y que rechaza todas aquellas aportaciones que no son \u00abpol\u00edticamente correctas\u00bb seg\u00fan el dictado de un discurso hegem\u00f3nico cada vez menos plural. Antoni Segura<\/p>\n","protected":false},"featured_media":3972,"template":"","meta":{"_acf_changed":false,"inline_featured_image":false},"product_brand":[],"product_cat":[15],"product_tag":[],"tax-colections":[59,126],"tax-langs":[83],"tax-encuadernacion":[105],"tax-availability":[97],"class_list":{"0":"post-3758","1":"product","2":"type-product","3":"status-publish","4":"has-post-thumbnail","6":"product_cat-sin-categoria","7":"pa_tipo-de-libro-papel","8":"tax-colections-literatura-para-adultos","9":"tax-colections-alga","10":"tax-langs-castellano","11":"tax-encuadernacion-bolsillo-tapa-blanda","12":"tax-availability-disponible","14":"first","15":"instock","16":"shipping-taxable","17":"purchasable","18":"product-type-variable"},"acf":{"id_gesedi":323,"book_subtitle":"","book_author":399,"book_translator":"","book_illustrator":"","book_publish_date_book":"2004-02-04","book_publish_date_ebook":null,"book_publish_date_audiobook":null,"book_collection_number":13,"book_pages":288,"book_file":"","book_img":"","books_related":null},"_links":{"self":[{"href":"https:\/\/www.alberdania.net\/eu\/wp-json\/wp\/v2\/product\/3758","targetHints":{"allow":["GET"]}}],"collection":[{"href":"https:\/\/www.alberdania.net\/eu\/wp-json\/wp\/v2\/product"}],"about":[{"href":"https:\/\/www.alberdania.net\/eu\/wp-json\/wp\/v2\/types\/product"}],"wp:featuredmedia":[{"embeddable":true,"href":"https:\/\/www.alberdania.net\/eu\/wp-json\/wp\/v2\/media\/3972"}],"wp:attachment":[{"href":"https:\/\/www.alberdania.net\/eu\/wp-json\/wp\/v2\/media?parent=3758"}],"wp:term":[{"taxonomy":"product_brand","embeddable":true,"href":"https:\/\/www.alberdania.net\/eu\/wp-json\/wp\/v2\/product_brand?post=3758"},{"taxonomy":"product_cat","embeddable":true,"href":"https:\/\/www.alberdania.net\/eu\/wp-json\/wp\/v2\/product_cat?post=3758"},{"taxonomy":"product_tag","embeddable":true,"href":"https:\/\/www.alberdania.net\/eu\/wp-json\/wp\/v2\/product_tag?post=3758"},{"taxonomy":"tax-colections","embeddable":true,"href":"https:\/\/www.alberdania.net\/eu\/wp-json\/wp\/v2\/tax-colections?post=3758"},{"taxonomy":"tax-langs","embeddable":true,"href":"https:\/\/www.alberdania.net\/eu\/wp-json\/wp\/v2\/tax-langs?post=3758"},{"taxonomy":"tax-encuadernacion","embeddable":true,"href":"https:\/\/www.alberdania.net\/eu\/wp-json\/wp\/v2\/tax-encuadernacion?post=3758"},{"taxonomy":"tax-availability","embeddable":true,"href":"https:\/\/www.alberdania.net\/eu\/wp-json\/wp\/v2\/tax-availability?post=3758"}],"curies":[{"name":"wp","href":"https:\/\/api.w.org\/{rel}","templated":true}]}}