{"id":7159,"date":"2025-02-10T16:18:33","date_gmt":"2025-02-10T15:18:33","guid":{"rendered":"https:\/\/www.alberdania.net\/?post_type=product&#038;p=7159"},"modified":"2026-03-31T03:35:37","modified_gmt":"2026-03-31T01:35:37","slug":"cul-de-sac","status":"publish","type":"product","link":"https:\/\/www.alberdania.net\/eu\/product\/cul-de-sac\/","title":{"rendered":"Cul-de-sac"},"content":{"rendered":"<p><iframe loading=\"lazy\" title=\"Liburu aurkezpena. &quot;Cul-de-sac&quot;, Nerea Arrien\" width=\"640\" height=\"360\" src=\"https:\/\/www.youtube.com\/embed\/JQ6UQG-3ArE?feature=oembed\" frameborder=\"0\" allow=\"accelerometer; autoplay; clipboard-write; encrypted-media; gyroscope; picture-in-picture; web-share\" referrerpolicy=\"strict-origin-when-cross-origin\" allowfullscreen><\/iframe><\/p>\n<p><iframe loading=\"lazy\" title=\"&quot;Cul-de-sac&quot; Presentaci\u00f3n del libro de Nerea Arrien\" width=\"640\" height=\"360\" src=\"https:\/\/www.youtube.com\/embed\/xNk0KUBF68c?feature=oembed\" frameborder=\"0\" allow=\"accelerometer; autoplay; clipboard-write; encrypted-media; gyroscope; picture-in-picture; web-share\" referrerpolicy=\"strict-origin-when-cross-origin\" allowfullscreen><\/iframe><\/p>\n<p>&nbsp;<\/p>\n","protected":false},"excerpt":{"rendered":"<p>Los personajes de esta novela viven en un agroturismo sobre una colina en la que confluyen tres focos de belleza: el sol, el mar y la blancura de las casas del pueblo. En la primera escena, Maria y \u00c9lodie vuelven del supermercado. Mientras conduce, Maria, la madre at\u00edpica, le enciende un cigarrillo a su hija. A su lado, \u00c9lodie, la hija adolescente, se irrita y suelta palabrotas. Una nota del padre, el \u00faltimo rastro que dej\u00f3 antes de abandonarlas, duerme en la guantera. <br \/>\n\tA pesar del rencor que siente hacia ella, \u00c9lodie ve que su madre desprende algo bello all\u00e1 donde va. Para Maria, su hija es la ni\u00f1a que ha crecido, que ahora huele a bosque y que le ha arrebatado un poder. En este territorio que separa y une a estas dos mujeres, entre la adolescencia que estalla y la menopausia invisible, hay dos hombres: Mateo, un hombre que se hospeda con ellas sin fecha de salida y que escribe en secreto, y Mark, el hijo del caser\u00edo vecino, un joven con gustos musicales de otra \u00e9poca y una mascota peculiar.<br \/>\n\tLa incomunicaci\u00f3n, la ternura, el humor, el miedo, el sexo, los errores y la comprensi\u00f3n mutua recorren este cuerpo a cuerpo de dos mujeres que se miran y se reconocen. Con gran sensibilidad y ambici\u00f3n literaria, Nerea Arrien nos hace sentir las turbulentas aguas que atraviesan sus personajes cuando las reglas del juego cambian, pero la vida sigue y los acontecimientos del pasado deben dar paso al porvenir.<\/p>\n","protected":false},"featured_media":7166,"template":"","meta":{"_acf_changed":false,"inline_featured_image":false},"product_brand":[],"product_cat":[15],"product_tag":[],"tax-colections":[59,128],"tax-langs":[83],"tax-encuadernacion":[105],"tax-availability":[97],"class_list":{"0":"post-7159","1":"product","2":"type-product","3":"status-publish","4":"has-post-thumbnail","6":"product_cat-sin-categoria","7":"pa_tipo-de-libro-ebook","8":"pa_tipo-de-libro-papel","9":"tax-colections-literatura-para-adultos","10":"tax-colections-astiro","11":"tax-langs-castellano","12":"tax-encuadernacion-bolsillo-tapa-blanda","13":"tax-availability-disponible","15":"first","16":"instock","17":"shipping-taxable","18":"purchasable","19":"product-type-variable"},"acf":{"id_gesedi":924,"book_subtitle":"","book_author":437,"book_translator":"","book_illustrator":"","book_publish_date_book":"2025-02-02","book_publish_date_ebook":"20250305","book_publish_date_audiobook":null,"book_collection_number":73,"book_pages":174,"book_file":7169,"book_img":"","books_related":""},"_links":{"self":[{"href":"https:\/\/www.alberdania.net\/eu\/wp-json\/wp\/v2\/product\/7159","targetHints":{"allow":["GET"]}}],"collection":[{"href":"https:\/\/www.alberdania.net\/eu\/wp-json\/wp\/v2\/product"}],"about":[{"href":"https:\/\/www.alberdania.net\/eu\/wp-json\/wp\/v2\/types\/product"}],"wp:featuredmedia":[{"embeddable":true,"href":"https:\/\/www.alberdania.net\/eu\/wp-json\/wp\/v2\/media\/7166"}],"wp:attachment":[{"href":"https:\/\/www.alberdania.net\/eu\/wp-json\/wp\/v2\/media?parent=7159"}],"wp:term":[{"taxonomy":"product_brand","embeddable":true,"href":"https:\/\/www.alberdania.net\/eu\/wp-json\/wp\/v2\/product_brand?post=7159"},{"taxonomy":"product_cat","embeddable":true,"href":"https:\/\/www.alberdania.net\/eu\/wp-json\/wp\/v2\/product_cat?post=7159"},{"taxonomy":"product_tag","embeddable":true,"href":"https:\/\/www.alberdania.net\/eu\/wp-json\/wp\/v2\/product_tag?post=7159"},{"taxonomy":"tax-colections","embeddable":true,"href":"https:\/\/www.alberdania.net\/eu\/wp-json\/wp\/v2\/tax-colections?post=7159"},{"taxonomy":"tax-langs","embeddable":true,"href":"https:\/\/www.alberdania.net\/eu\/wp-json\/wp\/v2\/tax-langs?post=7159"},{"taxonomy":"tax-encuadernacion","embeddable":true,"href":"https:\/\/www.alberdania.net\/eu\/wp-json\/wp\/v2\/tax-encuadernacion?post=7159"},{"taxonomy":"tax-availability","embeddable":true,"href":"https:\/\/www.alberdania.net\/eu\/wp-json\/wp\/v2\/tax-availability?post=7159"}],"curies":[{"name":"wp","href":"https:\/\/api.w.org\/{rel}","templated":true}]}}