{"id":7289,"date":"2025-02-10T16:29:06","date_gmt":"2025-02-10T15:29:06","guid":{"rendered":"https:\/\/www.alberdania.net\/product\/gernika-dia-de-mercado\/"},"modified":"2025-04-27T18:06:18","modified_gmt":"2025-04-27T16:06:18","slug":"gernika-dia-de-mercado","status":"publish","type":"product","link":"https:\/\/www.alberdania.net\/eu\/product\/gernika-dia-de-mercado\/","title":{"rendered":"Gernika, d\u00eda de mercado"},"content":{"rendered":"<p><iframe loading=\"lazy\" title=\"&quot;Gernika, d\u00eda de mercado&quot; Presentaci\u00f3n del libro de Urko Mantzizidor\" width=\"640\" height=\"360\" src=\"https:\/\/www.youtube.com\/embed\/Qfvpm9UyJ0o?feature=oembed\" frameborder=\"0\" allow=\"accelerometer; autoplay; clipboard-write; encrypted-media; gyroscope; picture-in-picture; web-share\" referrerpolicy=\"strict-origin-when-cross-origin\" allowfullscreen><\/iframe><\/p>\n<p><iframe loading=\"lazy\" title=\"URKO MANTZIZIDOR \/ ELENA SIERRA\" width=\"640\" height=\"360\" src=\"https:\/\/www.youtube.com\/embed\/ZWGXsVz2WRU?feature=oembed\" frameborder=\"0\" allow=\"accelerometer; autoplay; clipboard-write; encrypted-media; gyroscope; picture-in-picture; web-share\" referrerpolicy=\"strict-origin-when-cross-origin\" allowfullscreen><\/iframe><\/p>\n<p>&nbsp;<\/p>\n<p>&nbsp;<\/p>\n<p>&nbsp;<\/p>\n","protected":false},"excerpt":{"rendered":"<p>El 23 de abril de 1937, Kepa Uribarri, del caser\u00edo Urandere, regresa unos d\u00edas a casa para ver a sus padres, a sus hermanos menores, Juanita y Bixen, y a su novia, Margari, antes de volver al frente. Entre la alegr\u00eda del reencuentro y la preocupaci\u00f3n por el hermano mayor, del que no tienen noticias, nadie sospecha que sus vidas est\u00e1n a punto de cambiar para siempre. El bombardeo los sorprende en las calles de Gernika, donde la poblaci\u00f3n trata de refugiarse, mientras los aviones arrasan la ciudad.<br \/>\nCincuenta a\u00f1os despu\u00e9s, el 19 de abril de 1987, dos amigos, I\u00f1aki y Ale, recorren las calles de la misma villa, sin saber que sus vidas tambi\u00e9n est\u00e1n a punto de dar un giro inesperado. Ha habido un misterioso asesinato en Gernika, y estos dos j\u00f3venes, un poco inconscientes, se ver\u00e1n envueltos en una peligrosa investigaci\u00f3n que los llevar\u00e1 a comprender que hay heridas del pasado que ni siquiera el tiempo puede cerrar.<br \/>\nEsta apasionante novela, llena de suspense e intriga, se adentra en las vidas de varios miembros de una misma familia, en sus esperanzas y sus sue\u00f1os, en los sufrimientos que padecieron bajo el bombardeo y tras la ca\u00edda de Gernika, pero tambi\u00e9n en la fortaleza, el carisma y el cari\u00f1o que los ayud\u00f3 a luchar por sobrevivir. Una historia aparentemente olvidada que se cruza, pasados los a\u00f1os, con la de dos j\u00f3venes que viven en una Euskal Herria muy distinta, enfrentada a otros conflictos.<\/p>\n","protected":false},"featured_media":7173,"template":"","meta":{"_acf_changed":false,"inline_featured_image":false},"product_brand":[],"product_cat":[245],"product_tag":[],"tax-colections":[203,210],"tax-langs":[198],"tax-encuadernacion":[241],"tax-availability":[236],"class_list":{"0":"post-7289","1":"product","2":"type-product","3":"status-publish","4":"has-post-thumbnail","6":"product_cat-sin-categoria-eu","7":"pa_tipo-de-libro-ebook-eu","8":"pa_tipo-de-libro-paperezkoa","9":"tax-colections-helduentzako-literatura","10":"tax-colections-astiro-eu","11":"tax-langs-gaztelera","12":"tax-encuadernacion-poltsiko-azal-bigunekoa","13":"tax-availability-eskuragarri","15":"first","16":"instock","17":"shipping-taxable","18":"purchasable","19":"product-type-variable"},"acf":{"id_gesedi":923,"book_subtitle":"","book_author":114,"book_translator":"","book_illustrator":"","book_publish_date_book":"20250202","book_publish_date_ebook":"20250305","book_publish_date_audiobook":null,"book_collection_number":72,"book_pages":574,"book_file":7171,"book_img":"","books_related":[3632]},"_links":{"self":[{"href":"https:\/\/www.alberdania.net\/eu\/wp-json\/wp\/v2\/product\/7289","targetHints":{"allow":["GET"]}}],"collection":[{"href":"https:\/\/www.alberdania.net\/eu\/wp-json\/wp\/v2\/product"}],"about":[{"href":"https:\/\/www.alberdania.net\/eu\/wp-json\/wp\/v2\/types\/product"}],"acf:post":[{"embeddable":true,"href":"https:\/\/www.alberdania.net\/eu\/wp-json\/wp\/v2\/product\/3632"}],"wp:featuredmedia":[{"embeddable":true,"href":"https:\/\/www.alberdania.net\/eu\/wp-json\/wp\/v2\/media\/7173"}],"wp:attachment":[{"href":"https:\/\/www.alberdania.net\/eu\/wp-json\/wp\/v2\/media?parent=7289"}],"wp:term":[{"taxonomy":"product_brand","embeddable":true,"href":"https:\/\/www.alberdania.net\/eu\/wp-json\/wp\/v2\/product_brand?post=7289"},{"taxonomy":"product_cat","embeddable":true,"href":"https:\/\/www.alberdania.net\/eu\/wp-json\/wp\/v2\/product_cat?post=7289"},{"taxonomy":"product_tag","embeddable":true,"href":"https:\/\/www.alberdania.net\/eu\/wp-json\/wp\/v2\/product_tag?post=7289"},{"taxonomy":"tax-colections","embeddable":true,"href":"https:\/\/www.alberdania.net\/eu\/wp-json\/wp\/v2\/tax-colections?post=7289"},{"taxonomy":"tax-langs","embeddable":true,"href":"https:\/\/www.alberdania.net\/eu\/wp-json\/wp\/v2\/tax-langs?post=7289"},{"taxonomy":"tax-encuadernacion","embeddable":true,"href":"https:\/\/www.alberdania.net\/eu\/wp-json\/wp\/v2\/tax-encuadernacion?post=7289"},{"taxonomy":"tax-availability","embeddable":true,"href":"https:\/\/www.alberdania.net\/eu\/wp-json\/wp\/v2\/tax-availability?post=7289"}],"curies":[{"name":"wp","href":"https:\/\/api.w.org\/{rel}","templated":true}]}}