{"id":7964,"date":"2026-05-10T13:11:01","date_gmt":"2026-05-10T11:11:01","guid":{"rendered":"https:\/\/www.alberdania.net\/?post_type=product&#038;p=7964"},"modified":"2026-05-11T12:55:46","modified_gmt":"2026-05-11T10:55:46","slug":"espazio-femeninoak-pizkunde-amaieran-espacios-femeninos-a-finales-del-renacimiento","status":"publish","type":"product","link":"https:\/\/www.alberdania.net\/eu\/product\/espazio-femeninoak-pizkunde-amaieran-espacios-femeninos-a-finales-del-renacimiento\/","title":{"rendered":"Espazio femeninoak Pizkunde amaieran \/ Espacios femeninos a finales del Renacimiento"},"content":{"rendered":"","protected":false},"excerpt":{"rendered":"<p class=\"p2\"><span class=\"s2\">E<\/span>ste libro rescata del silencio a 85 mujeres que representan a las m\u00e1s de mil que vivieron en Irun durante los siglos XV. y XVI. A trav\u00e9s de m\u00e1s de 360 documentos conservados en diferentes archivos, la autora reconstruye sus experiencias en los espacios que marcaron su d\u00eda a d\u00eda: la familia, la casa, el trabajo, la memoria y el honor. Lejos de ser figuras excepcionales, estas mujeres fueron protagonistas de su tiempo, sosteniendo y transformando la comunidad en un mundo marcado por el linaje, el estatus y las tradiciones. Escrito con rigor y en un estilo narrativo, este ensayo desmonta los mitos sobre la invisibilidad y pasividad femenina en el pasado, ofreciendo una mirada nueva y reveladora sobre la historia.<span class=\"Apple-converted-space\">\u00a0<\/span><\/p>\n<p>&nbsp;<\/p>\n<p class=\"p2\"><span class=\"s2\">L<\/span>iburu honek ahanzturatik erreskatatzen ditu 85 emakume, Irunen XV. eta XVI. mendeetan bizi izan ziren milatik gora emakumeen ordezkari. Artxiboetan gordetako 360 agiriren baino gehiagoren bidez, idazleak emakume horien eguneroko bizitza markatu zuten esperientziak eta espazioak berreraiki ditu: familia, etxea, lana, memoria eta ohorea. Ez ziren ezohiko pertsonaiak izan: beren garaiko protagonistak izan ziren, eta komunitatea eraldatu zuten, leinuak, estatusak eta tradizioak markatutako mundu batean. Zorroztasunez eta estilo narratiboan idatzita, saiakera honek iraganeko emakumeen ustezko ikusezintasunaren eta pasibotasunaren mitoak eraisten ditu, eta historiari buruzko begirada berri eta argigarri bat eskaintzen du.<span class=\"Apple-converted-space\">\u00a0<\/span><\/p>\n","protected":false},"featured_media":8033,"template":"","meta":{"_acf_changed":false,"inline_featured_image":false},"product_brand":[],"product_cat":[15],"product_tag":[],"tax-colections":[59,190],"tax-langs":[82],"tax-encuadernacion":[92],"tax-availability":[97],"class_list":{"0":"post-7964","1":"product","2":"type-product","3":"status-publish","4":"has-post-thumbnail","6":"product_cat-sin-categoria","7":"pa_tipo-de-libro-papel","8":"pa_tipo-de-libro-ebook","9":"tax-colections-literatura-para-adultos","10":"tax-colections-bildumaz-kanpokoak","11":"tax-langs-euskera","12":"tax-encuadernacion-tapa-blanda","13":"tax-availability-disponible","15":"first","16":"instock","17":"shipping-taxable","18":"purchasable","19":"product-type-variable"},"acf":{"id_gesedi":952,"book_subtitle":"","book_author":464,"book_translator":"","book_illustrator":"","book_publish_date_book":"20260506","book_publish_date_ebook":"20260506","book_publish_date_audiobook":null,"book_collection_number":"","book_pages":300,"book_file":"","book_img":"","books_related":[3638]},"_links":{"self":[{"href":"https:\/\/www.alberdania.net\/eu\/wp-json\/wp\/v2\/product\/7964","targetHints":{"allow":["GET"]}}],"collection":[{"href":"https:\/\/www.alberdania.net\/eu\/wp-json\/wp\/v2\/product"}],"about":[{"href":"https:\/\/www.alberdania.net\/eu\/wp-json\/wp\/v2\/types\/product"}],"acf:post":[{"embeddable":true,"href":"https:\/\/www.alberdania.net\/eu\/wp-json\/wp\/v2\/product\/3638"}],"wp:featuredmedia":[{"embeddable":true,"href":"https:\/\/www.alberdania.net\/eu\/wp-json\/wp\/v2\/media\/8033"}],"wp:attachment":[{"href":"https:\/\/www.alberdania.net\/eu\/wp-json\/wp\/v2\/media?parent=7964"}],"wp:term":[{"taxonomy":"product_brand","embeddable":true,"href":"https:\/\/www.alberdania.net\/eu\/wp-json\/wp\/v2\/product_brand?post=7964"},{"taxonomy":"product_cat","embeddable":true,"href":"https:\/\/www.alberdania.net\/eu\/wp-json\/wp\/v2\/product_cat?post=7964"},{"taxonomy":"product_tag","embeddable":true,"href":"https:\/\/www.alberdania.net\/eu\/wp-json\/wp\/v2\/product_tag?post=7964"},{"taxonomy":"tax-colections","embeddable":true,"href":"https:\/\/www.alberdania.net\/eu\/wp-json\/wp\/v2\/tax-colections?post=7964"},{"taxonomy":"tax-langs","embeddable":true,"href":"https:\/\/www.alberdania.net\/eu\/wp-json\/wp\/v2\/tax-langs?post=7964"},{"taxonomy":"tax-encuadernacion","embeddable":true,"href":"https:\/\/www.alberdania.net\/eu\/wp-json\/wp\/v2\/tax-encuadernacion?post=7964"},{"taxonomy":"tax-availability","embeddable":true,"href":"https:\/\/www.alberdania.net\/eu\/wp-json\/wp\/v2\/tax-availability?post=7964"}],"curies":[{"name":"wp","href":"https:\/\/api.w.org\/{rel}","templated":true}]}}